{"id":680,"date":"2025-06-24T07:38:14","date_gmt":"2025-06-24T07:38:14","guid":{"rendered":"https:\/\/obor-tires.si\/trgovina\/predator\/"},"modified":"2025-07-14T18:30:38","modified_gmt":"2025-07-14T18:30:38","slug":"predator","status":"publish","type":"product","link":"https:\/\/obor-tires.si\/hr\/trgovina\/predator\/","title":{"rendered":"Predator"},"content":{"rendered":"<p>Prava LT UTV guma. Prevazilazi DOT standarde testiranja. Dvostruka bo\u010dna stijenka: Uzorci i na lijevoj i na desnoj bo\u010dnoj stijenci \u0161tite bo\u010dnu stijenku i pobolj\u0161avaju otpornost na probijanje. <\/p>\n<ul>\n<li>Radijalna konstrukcija s 8 slojeva.<\/li>\n<li>Stepenasti dizajn gaznog sloja za pobolj\u0161anje krutosti gaznog sloja i sprje\u010davanje slijeganja.<\/li>\n<li>Lamele na gaznom sloju pobolj\u0161avaju udobnost vo\u017enje.<\/li>\n<li>Vi\u0161estupanjski dizajn u\u010dinkovito smanjuje buku guma.<\/li>\n<\/ul>\n","protected":false},"excerpt":{"rendered":"<p>Guma Predator s vi\u0161estupanjskim dizajnom gaznoga sloja dizajnirana je za performanse i izdr\u017eljivost.<\/p>\n","protected":false},"featured_media":561,"comment_status":"open","ping_status":"closed","template":"","meta":[],"product_brand":[33],"product_cat":[66,65],"product_tag":[],"class_list":{"0":"post-680","1":"product","2":"type-product","3":"status-publish","4":"has-post-thumbnail","6":"product_brand-obor","7":"product_cat-atv-utv-sxs-hr","8":"product_cat-gume","9":"pa_velikost-pnevmatike-27x11-14-hr","10":"pa_velikost-pnevmatike-27x9-14-hr","11":"pa_velikost-pnevmatike-30x10-14-hr","12":"pa_velikost-pnevmatike-32x10-14-hr","13":"pa_velikost-pnevmatike-32x10-15-hr","14":"pa_velikost-pnevmatike-32x10-16-hr","16":"first","17":"instock","18":"featured","19":"taxable","20":"shipping-taxable","21":"purchasable","22":"product-type-variable"},"_links":{"self":[{"href":"https:\/\/obor-tires.si\/hr\/wp-json\/wp\/v2\/product\/680","targetHints":{"allow":["GET"]}}],"collection":[{"href":"https:\/\/obor-tires.si\/hr\/wp-json\/wp\/v2\/product"}],"about":[{"href":"https:\/\/obor-tires.si\/hr\/wp-json\/wp\/v2\/types\/product"}],"replies":[{"embeddable":true,"href":"https:\/\/obor-tires.si\/hr\/wp-json\/wp\/v2\/comments?post=680"}],"wp:featuredmedia":[{"embeddable":true,"href":"https:\/\/obor-tires.si\/hr\/wp-json\/wp\/v2\/media\/561"}],"wp:attachment":[{"href":"https:\/\/obor-tires.si\/hr\/wp-json\/wp\/v2\/media?parent=680"}],"wp:term":[{"taxonomy":"product_brand","embeddable":true,"href":"https:\/\/obor-tires.si\/hr\/wp-json\/wp\/v2\/product_brand?post=680"},{"taxonomy":"product_cat","embeddable":true,"href":"https:\/\/obor-tires.si\/hr\/wp-json\/wp\/v2\/product_cat?post=680"},{"taxonomy":"product_tag","embeddable":true,"href":"https:\/\/obor-tires.si\/hr\/wp-json\/wp\/v2\/product_tag?post=680"}],"curies":[{"name":"wp","href":"https:\/\/api.w.org\/{rel}","templated":true}]}}