{"id":661,"date":"2025-06-24T07:52:31","date_gmt":"2025-06-24T07:52:31","guid":{"rendered":"https:\/\/obor-tires.si\/trgovina\/valovi\/"},"modified":"2025-07-03T08:04:22","modified_gmt":"2025-07-03T08:04:22","slug":"valovi","status":"publish","type":"product","link":"https:\/\/obor-tires.si\/hr\/trgovina\/valovi\/","title":{"rendered":"Riple"},"content":{"rendered":"<h3>Vrhunsko prianjanje u laganoj prljav\u0161tini i laganom blatu<\/h3>\n<p>Dizajnirane za performanse u raznim uvjetima, gume Riple imaju uzorak gaznoga sloja posebno dizajniran za uklanjanje prljav\u0161tine i odr\u017eavanje prianjanja u laganoj prljav\u0161tini ili blatu. To ih \u010dini idealnim izborom za \u0161ume, staze i lagano blato, osiguravaju\u0107i pouzdane performanse gdje god vas va\u0161e avanture odvedu. <\/p>\n","protected":false},"excerpt":{"rendered":"<p>OBOR Riple gume za UTV i ATV vozila dizajnirane su za neusporedivo iskustvo off-road vo\u017enje.<\/p>\n","protected":false},"featured_media":571,"comment_status":"open","ping_status":"closed","template":"","meta":[],"product_brand":[33],"product_cat":[66,65],"product_tag":[],"class_list":{"0":"post-661","1":"product","2":"type-product","3":"status-publish","4":"has-post-thumbnail","6":"product_brand-obor","7":"product_cat-atv-utv-sxs-hr","8":"product_cat-gume","9":"pa_velikost-pnevmatike-25x10-12-hr","10":"pa_velikost-pnevmatike-25x8-12-hr","12":"first","13":"instock","14":"sale","15":"featured","16":"taxable","17":"shipping-taxable","18":"purchasable","19":"product-type-variable"},"_links":{"self":[{"href":"https:\/\/obor-tires.si\/hr\/wp-json\/wp\/v2\/product\/661","targetHints":{"allow":["GET"]}}],"collection":[{"href":"https:\/\/obor-tires.si\/hr\/wp-json\/wp\/v2\/product"}],"about":[{"href":"https:\/\/obor-tires.si\/hr\/wp-json\/wp\/v2\/types\/product"}],"replies":[{"embeddable":true,"href":"https:\/\/obor-tires.si\/hr\/wp-json\/wp\/v2\/comments?post=661"}],"wp:featuredmedia":[{"embeddable":true,"href":"https:\/\/obor-tires.si\/hr\/wp-json\/wp\/v2\/media\/571"}],"wp:attachment":[{"href":"https:\/\/obor-tires.si\/hr\/wp-json\/wp\/v2\/media?parent=661"}],"wp:term":[{"taxonomy":"product_brand","embeddable":true,"href":"https:\/\/obor-tires.si\/hr\/wp-json\/wp\/v2\/product_brand?post=661"},{"taxonomy":"product_cat","embeddable":true,"href":"https:\/\/obor-tires.si\/hr\/wp-json\/wp\/v2\/product_cat?post=661"},{"taxonomy":"product_tag","embeddable":true,"href":"https:\/\/obor-tires.si\/hr\/wp-json\/wp\/v2\/product_tag?post=661"}],"curies":[{"name":"wp","href":"https:\/\/api.w.org\/{rel}","templated":true}]}}