{"id":643,"date":"2025-06-24T07:45:25","date_gmt":"2025-06-24T07:45:25","guid":{"rendered":"https:\/\/obor-tires.si\/trgovina\/ris\/"},"modified":"2025-07-14T18:33:18","modified_gmt":"2025-07-14T18:33:18","slug":"ris","status":"publish","type":"product","link":"https:\/\/obor-tires.si\/hr\/trgovina\/ris\/","title":{"rendered":"Lynx"},"content":{"rendered":"<p>\u2022 8-slojna radijalna konstrukcija.<br \/>\n\u2022 Usmjereni uzorak gaznoga sloja pobolj\u0161ava stabilnost i upravljanje na ravnom putu.<br \/>\n\u2022 Lamele na blokovima gaznoga sloja smanjuju buku i pobolj\u0161avaju udobnost vo\u017enje.<br \/>\n\u2022 Blokovi gaznoga sloja pro\u0161ireni do ramena pobolj\u0161avaju otpornost na probijanje i olak\u0161avaju izlazak iz kolotraga.<\/p>\n","protected":false},"excerpt":{"rendered":"<p>U kombinaciji s udobno\u0161\u0107u, upravljivo\u0161\u0107u, tihim radom i otporno\u0161\u0107u na probijanje, ova guma je zaslu\u017eeno najbolji izbor!<\/p>\n","protected":false},"featured_media":569,"comment_status":"open","ping_status":"closed","template":"","meta":[],"product_brand":[33],"product_cat":[66,65],"product_tag":[],"class_list":{"0":"post-643","1":"product","2":"type-product","3":"status-publish","4":"has-post-thumbnail","6":"product_brand-obor","7":"product_cat-atv-utv-sxs-hr","8":"product_cat-gume","9":"pa_velikost-pnevmatike-32x10-14-hr","10":"pa_velikost-pnevmatike-32x10-15-hr","12":"first","13":"instock","14":"featured","15":"taxable","16":"shipping-taxable","17":"purchasable","18":"product-type-variable"},"_links":{"self":[{"href":"https:\/\/obor-tires.si\/hr\/wp-json\/wp\/v2\/product\/643","targetHints":{"allow":["GET"]}}],"collection":[{"href":"https:\/\/obor-tires.si\/hr\/wp-json\/wp\/v2\/product"}],"about":[{"href":"https:\/\/obor-tires.si\/hr\/wp-json\/wp\/v2\/types\/product"}],"replies":[{"embeddable":true,"href":"https:\/\/obor-tires.si\/hr\/wp-json\/wp\/v2\/comments?post=643"}],"wp:featuredmedia":[{"embeddable":true,"href":"https:\/\/obor-tires.si\/hr\/wp-json\/wp\/v2\/media\/569"}],"wp:attachment":[{"href":"https:\/\/obor-tires.si\/hr\/wp-json\/wp\/v2\/media?parent=643"}],"wp:term":[{"taxonomy":"product_brand","embeddable":true,"href":"https:\/\/obor-tires.si\/hr\/wp-json\/wp\/v2\/product_brand?post=643"},{"taxonomy":"product_cat","embeddable":true,"href":"https:\/\/obor-tires.si\/hr\/wp-json\/wp\/v2\/product_cat?post=643"},{"taxonomy":"product_tag","embeddable":true,"href":"https:\/\/obor-tires.si\/hr\/wp-json\/wp\/v2\/product_tag?post=643"}],"curies":[{"name":"wp","href":"https:\/\/api.w.org\/{rel}","templated":true}]}}