{"id":620,"date":"2025-06-20T08:50:53","date_gmt":"2025-06-20T08:50:53","guid":{"rendered":"https:\/\/obor-tires.si\/trgovina\/kornelije\/"},"modified":"2025-07-03T08:00:53","modified_gmt":"2025-07-03T08:00:53","slug":"kornelije","status":"publish","type":"product","link":"https:\/\/obor-tires.si\/hr\/trgovina\/kornelije\/","title":{"rendered":"Cornelius"},"content":{"rendered":"<p>Savr\u0161ena terenska guma za va\u0161 ATV ili SxS; Cornelius ima jedinstveni agresivni uzorak gaznoga sloja koji pru\u017ea dobro prianjanje na prljav\u0161tini, blatu i kamenitom terenu.<br \/>\n Prianjanje gume pru\u017ea voza\u010du povjerenje na svim terenima.<br \/>\n Dostupna je guma sa 6 ili 8 slojeva kako bi se zadovoljili razli\u010diti zahtjevi voza\u010da\/voza\u010da i performansi vozila.<\/p>\n","protected":false},"excerpt":{"rendered":"<p>Savr\u0161ena terenska guma za va\u0161 ATV ili SxS; Cornelius ima jedinstveni agresivni uzorak gaznoga sloja koji prianja uz prljav\u0161tinu, blato i korijenje.<\/p>\n","protected":false},"featured_media":553,"comment_status":"open","ping_status":"closed","template":"","meta":[],"product_brand":[33],"product_cat":[66,65],"product_tag":[],"class_list":{"0":"post-620","1":"product","2":"type-product","3":"status-publish","4":"has-post-thumbnail","6":"product_brand-obor","7":"product_cat-atv-utv-sxs-hr","8":"product_cat-gume","9":"pa_velikost-pnevmatike-25x10-12-hr","10":"pa_velikost-pnevmatike-25x8-12-hr","11":"pa_velikost-pnevmatike-26x10-14-hr","12":"pa_velikost-pnevmatike-26x11-14-hr","13":"pa_velikost-pnevmatike-26x12-12-hr","14":"pa_velikost-pnevmatike-26x8-14-hr","15":"pa_velikost-pnevmatike-26x9-12-hr","16":"pa_velikost-pnevmatike-26x9-14-hr","17":"pa_velikost-pnevmatike-27x11-14-hr","18":"pa_velikost-pnevmatike-27x9-14-hr","20":"first","21":"instock","22":"sale","23":"taxable","24":"shipping-taxable","25":"purchasable","26":"product-type-variable"},"_links":{"self":[{"href":"https:\/\/obor-tires.si\/hr\/wp-json\/wp\/v2\/product\/620","targetHints":{"allow":["GET"]}}],"collection":[{"href":"https:\/\/obor-tires.si\/hr\/wp-json\/wp\/v2\/product"}],"about":[{"href":"https:\/\/obor-tires.si\/hr\/wp-json\/wp\/v2\/types\/product"}],"replies":[{"embeddable":true,"href":"https:\/\/obor-tires.si\/hr\/wp-json\/wp\/v2\/comments?post=620"}],"wp:featuredmedia":[{"embeddable":true,"href":"https:\/\/obor-tires.si\/hr\/wp-json\/wp\/v2\/media\/553"}],"wp:attachment":[{"href":"https:\/\/obor-tires.si\/hr\/wp-json\/wp\/v2\/media?parent=620"}],"wp:term":[{"taxonomy":"product_brand","embeddable":true,"href":"https:\/\/obor-tires.si\/hr\/wp-json\/wp\/v2\/product_brand?post=620"},{"taxonomy":"product_cat","embeddable":true,"href":"https:\/\/obor-tires.si\/hr\/wp-json\/wp\/v2\/product_cat?post=620"},{"taxonomy":"product_tag","embeddable":true,"href":"https:\/\/obor-tires.si\/hr\/wp-json\/wp\/v2\/product_tag?post=620"}],"curies":[{"name":"wp","href":"https:\/\/api.w.org\/{rel}","templated":true}]}}