{"id":633,"date":"2025-06-27T10:04:50","date_gmt":"2025-06-27T10:04:50","guid":{"rendered":"https:\/\/obor-tires.si\/zastita-osobnih-podataka-gdpr\/"},"modified":"2025-07-03T07:45:42","modified_gmt":"2025-07-03T07:45:42","slug":"zastita-osobnih-podataka-gdpr","status":"publish","type":"page","link":"https:\/\/obor-tires.si\/hr\/zastita-osobnih-podataka-gdpr\/","title":{"rendered":"Za\u0161tita osobnih podataka (GDPR)"},"content":{"rendered":"\t\t<div data-elementor-type=\"wp-page\" data-elementor-id=\"633\" class=\"elementor elementor-633 elementor-478\" data-elementor-post-type=\"page\">\n\t\t\t\t<div class=\"elementor-element elementor-element-59ed964 e-flex e-con-boxed e-con e-parent\" data-id=\"59ed964\" data-element_type=\"container\">\n\t\t\t\t\t<div class=\"e-con-inner\">\n\t\t\t\t<div class=\"elementor-element elementor-element-1b3ee5e elementor-widget elementor-widget-heading\" data-id=\"1b3ee5e\" data-element_type=\"widget\" data-widget_type=\"heading.default\">\n\t\t\t\t<div class=\"elementor-widget-container\">\n\t\t\t\t\t<h1 class=\"elementor-heading-title elementor-size-default\">Za\u0161tita osobnih podataka (GDPR)<\/h1>\t\t\t\t<\/div>\n\t\t\t\t<\/div>\n\t\t\t\t<div class=\"elementor-element elementor-element-a4963bc elementor-widget-divider--view-line elementor-widget elementor-widget-divider\" data-id=\"a4963bc\" data-element_type=\"widget\" data-widget_type=\"divider.default\">\n\t\t\t\t<div class=\"elementor-widget-container\">\n\t\t\t\t\t\t\t<div class=\"elementor-divider\">\n\t\t\t<span class=\"elementor-divider-separator\">\n\t\t\t\t\t\t<\/span>\n\t\t<\/div>\n\t\t\t\t\t\t<\/div>\n\t\t\t\t<\/div>\n\t\t\t\t\t<\/div>\n\t\t\t\t<\/div>\n\t\t<div class=\"elementor-element elementor-element-c118806 e-flex e-con-boxed e-con e-parent\" data-id=\"c118806\" data-element_type=\"container\">\n\t\t\t\t\t<div class=\"e-con-inner\">\n\t\t\t\t<div class=\"elementor-element elementor-element-5ce7ea5 elementor-widget elementor-widget-text-editor\" data-id=\"5ce7ea5\" data-element_type=\"widget\" data-widget_type=\"text-editor.default\">\n\t\t\t\t<div class=\"elementor-widget-container\">\n\t\t\t\t\t\t\t\t\t<h4>1. Voditelj osobnih podataka<\/h4><p>Voditelj osobnih podataka je:<\/p><p><strong>DANIEL MAUSSER sp<\/strong><br> Naselje Ale\u0161a Kaple 3a<br> 1430 Hrastnik, Slovenija<br> E-po\u0161ta: info@mausser-net<br> Telefon: +386 (0)51 628 845<\/p><h4>2. Koje podatke prikupljamo?<\/h4><p>Kada posjetite internetsku trgovinu ili izvr\u0161ite narud\u017ebu, mo\u017eemo prikupljati sljede\u0107e osobne podatke:<\/p><ul><li>ime i prezime,<\/li><li>adresa za dostavu i fakturu,<\/li><li>e-mail adresa,<\/li><li>telefonski broj,<\/li><li>IP adresa,<\/li><li>podatke o pla\u0107anju,<\/li><li>ostale informacije koje dobrovoljno dajete (npr. komentari, upiti).<\/li><\/ul><h4>3. Svrha obrade osobnih podataka<\/h4><p>Va\u0161e osobne podatke obra\u0111ujemo u sljede\u0107e svrhe:<\/p><ul><li>za obradu i dostavu narud\u017ebi,<\/li><li>za izdavanje ra\u010duna i vo\u0111enje poslovnih evidencija,<\/li><li>za komunikaciju s kupcem u vezi narud\u017ebe ili upita,<\/li><li>za slanje newslettera (ako ste dali svoju privolu),<\/li><li>za pobolj\u0161anje funkcioniranja web stranice (analiti\u010dka i tehni\u010dka pobolj\u0161anja).<\/li><\/ul><h4>4. Pravna osnova za obradu<\/h4><p>Va\u0161e podatke obra\u0111ujemo na temelju sljede\u0107ih pravnih osnova:<\/p><ul><li>ugovor (kupnja proizvoda),<\/li><li>pravo (npr. porezno zakonodavstvo),<\/li><li>legitimni interes (sigurnost, pobolj\u0161anja),<\/li><li>va\u0161 pristanak (za slanje e-biltena itd.).<\/li><\/ul><h4>5. \u010cuvanje osobnih podataka<\/h4><p>Osobne podatke \u010duvamo onoliko dugo koliko je potrebno za postizanje svrhe za koju su prikupljeni ili u skladu sa zakonskim rokovima (npr. 10 godina za ra\u010dune). Nakon tog razdoblja, trajno ih bri\u0161emo ili anonimiziramo. <\/p><h4>6. Pru\u017eanje osobnih podataka<\/h4><p>Ne dijelimo va\u0161e osobne podatke s tre\u0107im stranama, osim:<\/p><ul><li>ugovorni obra\u0111iva\u010di (npr. dostavne slu\u017ebe, pru\u017eatelji usluga hostinga),<\/li><li>dr\u017eavnim tijelima kada je to zakonom propisano.<\/li><\/ul><p>Svi obra\u0111iva\u010di du\u017eni su pridr\u017eavati se zakona o za\u0161titi osobnih podataka.<\/p><h4>7. Va\u0161a prava<\/h4><p>Prema GDPR-u, imate sljede\u0107a prava:<\/p><ul><li>pravo pristupa va\u0161im podacima,<\/li><li>pravo na ispravak,<\/li><li>pravo na brisanje (\u201epravo na zaborav\u201c),<\/li><li>pravo na ograni\u010denje obrade,<\/li><li>pravo na prenosivost podataka,<\/li><li>pravo na prigovor,<\/li><li>pravo podnijeti pritu\u017ebu Povjereniku za informiranje.<\/li><\/ul><p>Za ostvarivanje svojih prava, molimo Vas da nam pi\u0161ete na: <a style=\"color: #ed1c24;\" href=\"mailto:info@mausser.net\"><strong>info@mausser.net<\/strong><\/a> .<\/p><h4>8. Kola\u010di\u0107i<\/h4><p>Web stranica koristi kola\u010di\u0107e za pravilno funkcioniranje, analitiku i pobolj\u0161anje korisni\u010dkog iskustva. Vi\u0161e informacija mo\u017eete prona\u0107i u <strong>Pravilima o kola\u010di\u0107ima<\/strong> .<\/p><h4>9. Sigurnost<\/h4><p>Podatke \u0161titimo odgovaraju\u0107im tehni\u010dkim i organizacijskim mjerama kako bismo sprije\u010dili neovla\u0161teni pristup, otkrivanje ili gubitak podataka.<\/p><h4>10. Izmjene Pravila o privatnosti<\/h4><p>Pridr\u017eavamo pravo izmjene ove politike. Najnovija verzija je uvijek dostupna na ovoj stranici.<\/p><p><strong>Datum zadnjeg a\u017euriranja:<\/strong> 27.06.2025.<\/p>\t\t\t\t\t\t\t\t<\/div>\n\t\t\t\t<\/div>\n\t\t\t\t\t<\/div>\n\t\t\t\t<\/div>\n\t\t\t\t<\/div>\n\t\t","protected":false},"excerpt":{"rendered":"<p>Za\u0161tita osobnih podataka (GDPR) 1. Voditelj osobnih podataka Voditelj osobnih podataka je: DANIEL MAUSSER sp Naselje Ale\u0161a Kaple 3a 1430 Hrastnik, Slovenija E-po\u0161ta: info@mausser-net Telefon: +386 (0)51 628 845 2. Koje podatke prikupljamo? Kada posjetite internetsku trgovinu ili izvr\u0161ite narud\u017ebu, mo\u017eemo prikupljati sljede\u0107e osobne podatke: ime i prezime, adresa za dostavu i fakturu, e-mail adresa, [&hellip;]<\/p>\n","protected":false},"author":1,"featured_media":0,"parent":0,"menu_order":0,"comment_status":"closed","ping_status":"closed","template":"","meta":{"footnotes":""},"class_list":["post-633","page","type-page","status-publish","hentry"],"_links":{"self":[{"href":"https:\/\/obor-tires.si\/hr\/wp-json\/wp\/v2\/pages\/633","targetHints":{"allow":["GET"]}}],"collection":[{"href":"https:\/\/obor-tires.si\/hr\/wp-json\/wp\/v2\/pages"}],"about":[{"href":"https:\/\/obor-tires.si\/hr\/wp-json\/wp\/v2\/types\/page"}],"author":[{"embeddable":true,"href":"https:\/\/obor-tires.si\/hr\/wp-json\/wp\/v2\/users\/1"}],"replies":[{"embeddable":true,"href":"https:\/\/obor-tires.si\/hr\/wp-json\/wp\/v2\/comments?post=633"}],"version-history":[{"count":1,"href":"https:\/\/obor-tires.si\/hr\/wp-json\/wp\/v2\/pages\/633\/revisions"}],"predecessor-version":[{"id":639,"href":"https:\/\/obor-tires.si\/hr\/wp-json\/wp\/v2\/pages\/633\/revisions\/639"}],"wp:attachment":[{"href":"https:\/\/obor-tires.si\/hr\/wp-json\/wp\/v2\/media?parent=633"}],"curies":[{"name":"wp","href":"https:\/\/api.w.org\/{rel}","templated":true}]}}