{"id":599,"date":"2025-06-18T11:07:10","date_gmt":"2025-06-18T11:07:10","guid":{"rendered":"https:\/\/obor-tires.si\/pravila-povrata\/"},"modified":"2025-07-03T07:45:13","modified_gmt":"2025-07-03T07:45:13","slug":"pravila-povrata","status":"publish","type":"page","link":"https:\/\/obor-tires.si\/hr\/pravila-povrata\/","title":{"rendered":"Pravila povrata"},"content":{"rendered":"\t\t<div data-elementor-type=\"wp-page\" data-elementor-id=\"599\" class=\"elementor elementor-599 elementor-18\" data-elementor-post-type=\"page\">\n\t\t\t\t<div class=\"elementor-element elementor-element-9b78bad e-flex e-con-boxed e-con e-parent\" data-id=\"9b78bad\" data-element_type=\"container\">\n\t\t\t\t\t<div class=\"e-con-inner\">\n\t\t\t\t<div class=\"elementor-element elementor-element-5d2bb62 elementor-widget elementor-widget-heading\" data-id=\"5d2bb62\" data-element_type=\"widget\" data-widget_type=\"heading.default\">\n\t\t\t\t<div class=\"elementor-widget-container\">\n\t\t\t\t\t<h1 class=\"elementor-heading-title elementor-size-default\">Pravila povrata<\/h1>\t\t\t\t<\/div>\n\t\t\t\t<\/div>\n\t\t\t\t<div class=\"elementor-element elementor-element-a9ba30d elementor-widget-divider--view-line elementor-widget elementor-widget-divider\" data-id=\"a9ba30d\" data-element_type=\"widget\" data-widget_type=\"divider.default\">\n\t\t\t\t<div class=\"elementor-widget-container\">\n\t\t\t\t\t\t\t<div class=\"elementor-divider\">\n\t\t\t<span class=\"elementor-divider-separator\">\n\t\t\t\t\t\t<\/span>\n\t\t<\/div>\n\t\t\t\t\t\t<\/div>\n\t\t\t\t<\/div>\n\t\t\t\t\t\t\t\t<p class=\"e-9fd3cc1-792caab e-paragraph-base\" data-interaction-id=\"9fd3cc1\" data-interactions=\"&#x5B;&#x5D;\"  >\n\t\t\t\t\t\t\t\t\t\tOva politika utvr\u0111uje uvjete i postupak vra\u0107anja guma kupljenih u na\u0161oj internetskoj trgovini.\n\t\t\t\t\t\t<\/p>\n\t\t\t\t\t<\/div>\n\t\t\t\t<\/div>\n\t\t<div class=\"elementor-element elementor-element-c016dab e-flex e-con-boxed e-con e-parent\" data-id=\"c016dab\" data-element_type=\"container\">\n\t\t\t\t\t<div class=\"e-con-inner\">\n\t\t\t\t<div class=\"elementor-element elementor-element-284a982 elementor-widget elementor-widget-text-editor\" data-id=\"284a982\" data-element_type=\"widget\" data-widget_type=\"text-editor.default\">\n\t\t\t\t<div class=\"elementor-widget-container\">\n\t\t\t\t\t\t\t\t\t<h4>1. Pravo na odustajanje od ugovora<\/h4>\n<p>Kupac, koji je potro\u0161a\u010d (fizi\u010dka osoba koja stje\u010de robu u svrhe izvan svoje profesionalne ili profitabilne djelatnosti), ima pravo u roku od 14 dana od primitka robe pismeno obavijestiti tvrtku da odustaje od ugovora, bez navo\u0111enja razloga.<\/p>\n<p>Rok po\u010dinje te\u0107i dan nakon \u0161to kupac primi proizvod.<\/p>\n<h4>2. Postupak povrata novca<\/h4>\n<p>Za ostvarivanje prava na odustajanje od kupnje, molimo vas da nam po\u0161aljete nedvosmislenu izjavu na na\u0161u adresu e-po\u0161te: <strong><a style=\"color: #ed1c24;\" href=\"mailto:info@mausser.net\">info@mausser.net<\/a><\/strong><\/p>\n<p>Molimo vas da u svojoj poruci navedete:<\/p>\n<ul>\n<li>broj narud\u017ebe,<\/li>\n<li>ime i prezime,<\/li>\n<li>kontakt informacije,<\/li>\n<li>informacije o proizvodu koji vra\u0107ate.<\/li>\n<\/ul>\n<p><br>Robu morate vratiti najkasnije u roku od 14 dana od obavijesti o odustajanju od ugovora. Smatra se da ste artikl vratili na vrijeme ako po\u0161iljku predate prije isteka roka od 14 dana.<\/p>\n<h4>3. Uvjeti povrata guma<\/h4>\n<p>Gume moraju biti:<\/p>\n<ul>\n<li>nekori\u0161teno,<\/li>\n<li>neo\u0161te\u0107en,<\/li>\n<li>u originalnom stanju,<\/li>\n<li>sa svim prilo\u017eenim dokumentima (ako ih ima).<\/li>\n<\/ul>\n<p><br>Ako su gume ve\u0107 montirane ili pokazuju vidljive znakove kori\u0161tenja, povrat nije mogu\u0107, osim ako se ne radi o reklamaciji ili materijalnom nedostatku.<\/p>\n<h4>4. Tro\u0161kovi povrata<\/h4>\n<p>Kupac snosi tro\u0161kove povrata robe, osim ako nije druga\u010dije dogovoreno ili ako je proizvod o\u0161te\u0107en ili pogre\u0161no dostavljeno na\u0161om krivnjom.<\/p>\n<h4>5. Povrat novca<\/h4>\n<p>Vratit \u0107emo vam kupovnu cijenu najkasnije u roku od 14 dana od datuma primitka va\u0161e obavijesti o odustajanju od ugovora, ali zadr\u017eavamo pravo zadr\u017eati povrat dok ne primimo vra\u0107enu robu ili dok ne dobijemo dokaz da ste robu poslali natrag.<\/p>\n<p>Kupoprodajna cijena bit \u0107e vra\u0107ena na isti na\u010din na koji je uplata izvr\u0161ena, osim ako kupac izri\u010dito ne zatra\u017ei druga\u010dije.<\/p>\n<h4>6. Materijalni nedostatak ili reklamacija<\/h4>\n<p>Ako kupac prilikom primitka otkrije da su gume o\u0161te\u0107ene, neispravne ili imaju defekt, mora nas odmah obavijestiti i prilo\u017eiti fotografije kvara.<\/p>\n<p>U slu\u010daju materijalne pogre\u0161ke, omogu\u0107it \u0107emo vam:<\/p>\n<ul>\n<li>zamjena proizvoda,<\/li>\n<li>ispravljanje gre\u0161aka ili<\/li>\n<li>povrat kupoprodajne cijene.<\/li>\n<\/ul>\n<h4>7. Iznimke od mogu\u0107nosti povrata novca<\/h4>\n<p>Povrat nije mogu\u0107 za gume koje su bile:<\/p>\n<ul>\n<li>po mjeri (posebne narud\u017ebe),<\/li>\n<li>kori\u0161teno ili instalirano,<\/li>\n<li>mehani\u010dki o\u0161te\u0107en nakon primitka.<\/li>\n<\/ul>\n<p><br>Za dodatna pitanja, molimo kontaktirajte nas putem e-maila <strong><a style=\"color: #ed1c24;\" href=\"mailto:info@mausser.net\">info@mausser.net<\/a><\/strong> ili telefona <strong><a style=\"color: #ed1c24;\" href=\"telefon: +386 %2051% 20628% 20845\">+386 (0)51 628 845<\/a><\/strong> .<\/p>\t\t\t\t\t\t\t\t<\/div>\n\t\t\t\t<\/div>\n\t\t\t\t\t<\/div>\n\t\t\t\t<\/div>\n\t\t\t\t<\/div>\n\t\t","protected":false},"excerpt":{"rendered":"<p>Pravila povrata Ova politika utvr\u0111uje uvjete i postupak vra\u0107anja guma kupljenih u na\u0161oj internetskoj trgovini. 1. Pravo na odustajanje od ugovora Kupac, koji je potro\u0161a\u010d (fizi\u010dka osoba koja stje\u010de robu u svrhe izvan svoje profesionalne ili profitabilne djelatnosti), ima pravo u roku od 14 dana od primitka robe pismeno obavijestiti tvrtku da odustaje od ugovora, [&hellip;]<\/p>\n","protected":false},"author":1,"featured_media":0,"parent":0,"menu_order":0,"comment_status":"closed","ping_status":"closed","template":"","meta":{"footnotes":""},"class_list":["post-599","page","type-page","status-publish","hentry"],"_links":{"self":[{"href":"https:\/\/obor-tires.si\/hr\/wp-json\/wp\/v2\/pages\/599","targetHints":{"allow":["GET"]}}],"collection":[{"href":"https:\/\/obor-tires.si\/hr\/wp-json\/wp\/v2\/pages"}],"about":[{"href":"https:\/\/obor-tires.si\/hr\/wp-json\/wp\/v2\/types\/page"}],"author":[{"embeddable":true,"href":"https:\/\/obor-tires.si\/hr\/wp-json\/wp\/v2\/users\/1"}],"replies":[{"embeddable":true,"href":"https:\/\/obor-tires.si\/hr\/wp-json\/wp\/v2\/comments?post=599"}],"version-history":[{"count":1,"href":"https:\/\/obor-tires.si\/hr\/wp-json\/wp\/v2\/pages\/599\/revisions"}],"predecessor-version":[{"id":600,"href":"https:\/\/obor-tires.si\/hr\/wp-json\/wp\/v2\/pages\/599\/revisions\/600"}],"wp:attachment":[{"href":"https:\/\/obor-tires.si\/hr\/wp-json\/wp\/v2\/media?parent=599"}],"curies":[{"name":"wp","href":"https:\/\/api.w.org\/{rel}","templated":true}]}}