{"id":780,"date":"2025-06-24T07:52:31","date_gmt":"2025-06-24T07:52:31","guid":{"rendered":"https:\/\/obor-tires.si\/trgovina\/riple\/"},"modified":"2025-06-24T07:52:31","modified_gmt":"2025-06-24T07:52:31","slug":"riple","status":"publish","type":"product","link":"https:\/\/obor-tires.si\/de\/trgovina\/riple\/","title":{"rendered":"Riple"},"content":{"rendered":"<h3>\u00dcberlegener Grip bei leichtem Schmutz und leichtem Schlamm<\/h3>\n<p>Die Reifen von Riple wurden f\u00fcr eine hervorragende Leistung bei einer Vielzahl von Bedingungen entwickelt. Ihr Profil ist speziell darauf ausgelegt, Schmutz zu entfernen und den Grip bei leichtem Schmutz oder leichtem Schlamm zu erhalten. Das macht sie zur idealen Wahl f\u00fcr W\u00e4lder, Pfade und leicht schlammige Bedingungen und sorgt f\u00fcr zuverl\u00e4ssige Leistung, wo auch immer Ihre Abenteuer Sie hinf\u00fchren.<\/p>\n","protected":false},"excerpt":{"rendered":"<p>Die Riple UTV- und ATV-Reifen von OBOR sind f\u00fcr ein unvergleichliches Offroad-Erlebnis konzipiert.<\/p>\n","protected":false},"featured_media":304,"comment_status":"open","ping_status":"closed","template":"","meta":[],"product_brand":[33],"product_cat":[96,95],"product_tag":[],"class_list":{"0":"post-780","1":"product","2":"type-product","3":"status-publish","4":"has-post-thumbnail","6":"product_brand-obor","7":"product_cat-atv-utv-sxs-de","8":"product_cat-gummi","9":"pa_velikost-pnevmatike-25x10-12-de","10":"pa_velikost-pnevmatike-25x8-12-de","12":"first","13":"instock","14":"sale","15":"featured","16":"taxable","17":"shipping-taxable","18":"purchasable","19":"product-type-variable"},"_links":{"self":[{"href":"https:\/\/obor-tires.si\/de\/wp-json\/wp\/v2\/product\/780","targetHints":{"allow":["GET"]}}],"collection":[{"href":"https:\/\/obor-tires.si\/de\/wp-json\/wp\/v2\/product"}],"about":[{"href":"https:\/\/obor-tires.si\/de\/wp-json\/wp\/v2\/types\/product"}],"replies":[{"embeddable":true,"href":"https:\/\/obor-tires.si\/de\/wp-json\/wp\/v2\/comments?post=780"}],"wp:featuredmedia":[{"embeddable":true,"href":"https:\/\/obor-tires.si\/de\/wp-json\/wp\/v2\/media\/304"}],"wp:attachment":[{"href":"https:\/\/obor-tires.si\/de\/wp-json\/wp\/v2\/media?parent=780"}],"wp:term":[{"taxonomy":"product_brand","embeddable":true,"href":"https:\/\/obor-tires.si\/de\/wp-json\/wp\/v2\/product_brand?post=780"},{"taxonomy":"product_cat","embeddable":true,"href":"https:\/\/obor-tires.si\/de\/wp-json\/wp\/v2\/product_cat?post=780"},{"taxonomy":"product_tag","embeddable":true,"href":"https:\/\/obor-tires.si\/de\/wp-json\/wp\/v2\/product_tag?post=780"}],"curies":[{"name":"wp","href":"https:\/\/api.w.org\/{rel}","templated":true}]}}