{"id":747,"date":"2025-06-24T07:59:19","date_gmt":"2025-06-24T07:59:19","guid":{"rendered":"https:\/\/obor-tires.si\/trgovina\/rocscraper\/"},"modified":"2025-07-14T18:24:21","modified_gmt":"2025-07-14T18:24:21","slug":"rocscraper","status":"publish","type":"product","link":"https:\/\/obor-tires.si\/de\/trgovina\/rocscraper\/","title":{"rendered":"RocScraper"},"content":{"rendered":"<h3>Entfesseln Sie herausragende Leistung mit RocScraper UTV-Reifen<\/h3>\n<p>Wenn es darum geht, das h\u00e4rteste Gel\u00e4nde zu bew\u00e4ltigen, sind die RocScraper UTV-Reifen von OBOR eine Klasse f\u00fcr sich. Diese Reifen wurden speziell f\u00fcr extremes Fels- und W\u00fcsten-Offroading entwickelt und bieten eine unvergleichliche Haltbarkeit und Haftung, so dass Sie jede Herausforderung meistern k\u00f6nnen, die sich Ihnen bietet. <\/p>\n<ul>\n<li>Entwickelt f\u00fcr extremes Felsklettern.<\/li>\n<li>Abgestufte Profilbl\u00f6cke an den Schultern f\u00fcr besseren Grip, Traktion und Durchstichsicherheit auf Felsen.<\/li>\n<li>Die mehrstufige Seitenwand verbessert die Haftung der Seitenw\u00e4nde beim &#8222;Kriechen&#8220; auf Felsen.<\/li>\n<li>8-lagige Radialkonstruktion.<\/li>\n<li>Eine spezielle Gummimischung tr\u00e4gt dazu bei, die Lebensdauer der Reifenlauffl\u00e4chen zu verl\u00e4ngern.<\/li>\n<\/ul>\n<p>Empfohlene Verwendung: Extrem felsiges und w\u00fcstenartiges Gel\u00e4nde<\/p>\n","protected":false},"excerpt":{"rendered":"<p>Ein speziell entwickeltes, abgestuftes Profil erh\u00f6ht die Steifigkeit des Reifens f\u00fcr extreme Fels- und W\u00fcstenfahrten im Gel\u00e4nde.<\/p>\n","protected":false},"featured_media":748,"comment_status":"open","ping_status":"closed","template":"","meta":[],"product_brand":[33],"product_cat":[96,95],"product_tag":[],"class_list":{"0":"post-747","1":"product","2":"type-product","3":"status-publish","4":"has-post-thumbnail","6":"product_brand-obor","7":"product_cat-atv-utv-sxs-de","8":"product_cat-gummi","9":"pa_velikost-pnevmatike-32x10-15-de","11":"first","12":"instock","13":"featured","14":"taxable","15":"shipping-taxable","16":"purchasable","17":"product-type-variable"},"_links":{"self":[{"href":"https:\/\/obor-tires.si\/de\/wp-json\/wp\/v2\/product\/747","targetHints":{"allow":["GET"]}}],"collection":[{"href":"https:\/\/obor-tires.si\/de\/wp-json\/wp\/v2\/product"}],"about":[{"href":"https:\/\/obor-tires.si\/de\/wp-json\/wp\/v2\/types\/product"}],"replies":[{"embeddable":true,"href":"https:\/\/obor-tires.si\/de\/wp-json\/wp\/v2\/comments?post=747"}],"wp:featuredmedia":[{"embeddable":true,"href":"https:\/\/obor-tires.si\/de\/wp-json\/wp\/v2\/media\/748"}],"wp:attachment":[{"href":"https:\/\/obor-tires.si\/de\/wp-json\/wp\/v2\/media?parent=747"}],"wp:term":[{"taxonomy":"product_brand","embeddable":true,"href":"https:\/\/obor-tires.si\/de\/wp-json\/wp\/v2\/product_brand?post=747"},{"taxonomy":"product_cat","embeddable":true,"href":"https:\/\/obor-tires.si\/de\/wp-json\/wp\/v2\/product_cat?post=747"},{"taxonomy":"product_tag","embeddable":true,"href":"https:\/\/obor-tires.si\/de\/wp-json\/wp\/v2\/product_tag?post=747"}],"curies":[{"name":"wp","href":"https:\/\/api.w.org\/{rel}","templated":true}]}}