{"id":745,"date":"2025-06-27T09:55:55","date_gmt":"2025-06-27T09:55:55","guid":{"rendered":"https:\/\/obor-tires.si\/allgemeine-bedingungen-und-konditionen\/"},"modified":"2025-07-03T08:43:41","modified_gmt":"2025-07-03T08:43:41","slug":"allgemeine-bedingungen-und-konditionen","status":"publish","type":"page","link":"https:\/\/obor-tires.si\/de\/allgemeine-bedingungen-und-konditionen\/","title":{"rendered":"Allgemeine Bedingungen und Konditionen"},"content":{"rendered":"\t\t<div data-elementor-type=\"wp-page\" data-elementor-id=\"745\" class=\"elementor elementor-745 elementor-468\" data-elementor-post-type=\"page\">\n\t\t\t\t<div class=\"elementor-element elementor-element-351952f e-flex e-con-boxed e-con e-parent\" data-id=\"351952f\" data-element_type=\"container\">\n\t\t\t\t\t<div class=\"e-con-inner\">\n\t\t\t\t<div class=\"elementor-element elementor-element-0573de0 elementor-widget elementor-widget-heading\" data-id=\"0573de0\" data-element_type=\"widget\" data-widget_type=\"heading.default\">\n\t\t\t\t<div class=\"elementor-widget-container\">\n\t\t\t\t\t<h1 class=\"elementor-heading-title elementor-size-default\">Allgemeine Bedingungen und Konditionen<\/h1>\t\t\t\t<\/div>\n\t\t\t\t<\/div>\n\t\t\t\t<div class=\"elementor-element elementor-element-0727b86 elementor-widget-divider--view-line elementor-widget elementor-widget-divider\" data-id=\"0727b86\" data-element_type=\"widget\" data-widget_type=\"divider.default\">\n\t\t\t\t<div class=\"elementor-widget-container\">\n\t\t\t\t\t\t\t<div class=\"elementor-divider\">\n\t\t\t<span class=\"elementor-divider-separator\">\n\t\t\t\t\t\t<\/span>\n\t\t<\/div>\n\t\t\t\t\t\t<\/div>\n\t\t\t\t<\/div>\n\t\t\t\t\t\t\t\t<p class=\"e-d0a929a-77e2b34 e-paragraph-base\" data-interaction-id=\"d0a929a\" data-interactions=\"&#x5B;&#x5D;\"  >\n\t\t\t\t\t\t\t\t\t\tDiese Richtlinie enth\u00e4lt die allgemeinen Gesch\u00e4ftsbedingungen des Online-Shops obor-tires.si\n\t\t\t\t\t\t<\/p>\n\t\t\t\t\t<\/div>\n\t\t\t\t<\/div>\n\t\t<div class=\"elementor-element elementor-element-7ba154b e-flex e-con-boxed e-con e-parent\" data-id=\"7ba154b\" data-element_type=\"container\">\n\t\t\t\t\t<div class=\"e-con-inner\">\n\t\t\t\t<div class=\"elementor-element elementor-element-33c2b03 elementor-widget elementor-widget-text-editor\" data-id=\"33c2b03\" data-element_type=\"widget\" data-widget_type=\"text-editor.default\">\n\t\t\t\t<div class=\"elementor-widget-container\">\n\t\t\t\t\t\t\t\t\t<h4>1. allgemeine Bestimmungen<\/h4><p>Die Allgemeinen Gesch\u00e4ftsbedingungen gelten f\u00fcr alle Nutzer der Website und Kunden, die im Online-Shop des Unternehmens einkaufen:<\/p><p><strong>DANIJEL MAUSSER s.p.<\/strong><br>Adresse Ale\u0161a Kaple 3a,<br>1430 Hrastnik, Slowenien<br>Registrierungsnummer: 3983447000<br>Steuernummer: SI25207687<br>E-Mail: info@mausser-net<br>Telefon: +386 (0)51 628 845<\/p><p>Durch die Nutzung des Online-Shops best\u00e4tigt der Kunde, dass er die vorliegenden Allgemeinen Gesch\u00e4ftsbedingungen kennt und ihnen in vollem Umfang zustimmt.<\/p><h4>2. die Zug\u00e4nglichkeit von Informationen<\/h4><p>Der Lieferant verpflichtet sich, dem Abnehmer jederzeit die folgenden Informationen zur Verf\u00fcgung zu stellen:<\/p><ul><li>Details zum Unternehmen,<\/li><li>Kontaktinformationen f\u00fcr die Kommunikation,<\/li><li>die wesentlichen Merkmale der Produkte,<\/li><li>den Preis des Produkts, einschlie\u00dflich Steuern und Lieferkosten,<\/li><li>die Bedingungen f\u00fcr die Zahlung, Lieferung und Erbringung der Dienstleistung,<\/li><li>Informationen \u00fcber das Widerrufsrecht,<\/li><li>die Bedingungen und Fristen f\u00fcr die R\u00fcckgabe der Waren,<\/li><li>Verfahren im Falle einer Benutzerbeschwerde.<\/li><\/ul><h4>3. das Kaufverfahren<\/h4><p>Kaufen Sie in den folgenden Schritten im Online-Shop ein:<\/p><ol><li>W\u00e4hlen Sie ein Produkt aus und legen Sie es in Ihren Warenkorb.<\/li><li>\u00dcberpr\u00fcfen Sie Ihren Warenkorb und gehen Sie zur Kasse.<\/li><li>Geben Sie Ihre Lieferdaten ein und w\u00e4hlen Sie Ihre Zahlungsmethode.<\/li><li>Auftragsbest\u00e4tigung.<\/li><\/ol><p>Nachdem Sie eine Bestellung aufgegeben haben, erh\u00e4lt der Kunde eine E-Mail zur Best\u00e4tigung der Bestellung.<\/p><h4>4) Preise und Mehrwertsteuer<\/h4><p>Alle Preise sind in Euro (\u20ac) angegeben und enthalten die Mehrwertsteuer. Die Preise sind zum Zeitpunkt der Bestellung g\u00fcltig und k\u00f6nnen ohne vorherige Ank\u00fcndigung ge\u00e4ndert werden. Die Versandkosten sind nicht im Preis des Produkts enthalten und werden vor Abschluss der Bestellung separat ausgewiesen.  <\/p><h4>5 Zahlungsarten<\/h4><p>Der Online-Shop bietet Ihnen die folgenden Zahlungsm\u00f6glichkeiten:<\/p><ul><li>Nachnahme,<\/li><li>per Rechnung (Bank\u00fcberweisung),<\/li><li>Zahlungskarten (MasterCard, Visa,&#8230;),<\/li><li>\u00fcber Online-Zahlungssysteme (Google Pay, Apple Pay).<\/li><\/ul><h4>6. lieferung<\/h4><p>Der Lieferant liefert die Waren innerhalb des vereinbarten Zeitrahmens, in der Regel innerhalb von 2-5 Werktagen nach Zahlungseingang oder Auftragsbest\u00e4tigung. Die Lieferkosten werden zum Zeitpunkt des Bestellabschlusses angezeigt.  <\/p><p>Der Lieferant beh\u00e4lt sich das Recht vor, eine Bestellung abzulehnen, wenn die Ware nicht vorr\u00e4tig ist oder wenn ein offensichtlicher Mangel vorliegt.<\/p><h4>7. das Recht auf Widerruf<\/h4><p>Der K\u00e4ufer (nat\u00fcrliche Person) hat das Recht, den Vertrag innerhalb von <strong>14 Tagen nach Erhalt der Ware<\/strong> ohne Angabe von Gr\u00fcnden zu widerrufen.<\/p><p>Der K\u00e4ufer muss die Waren unbesch\u00e4digt und in gleichem Zustand zur\u00fccksenden, vorzugsweise in der Originalverpackung. Sofern nicht anders vereinbart, tr\u00e4gt der K\u00e4ufer die Kosten der R\u00fccksendung. <\/p><p>Weitere Informationen zum Erstattungsverfahren finden Sie in unseren <a style=\"color: #ed1c24;\" href=\"https:\/\/obor-tires.si\/de\/rueckgabe-von-waren\/\"><strong>R\u00fcckgabebedingungen<\/strong><\/a>.<\/p><h4>8. reklamationen und Sachm\u00e4ngel<\/h4><p>Wenn das Produkt bei Erhalt nicht der Bestellung entspricht (z.B. besch\u00e4digt, fehlerhaft oder materiell mangelhaft), hat der K\u00e4ufer das Recht, es zu reklamieren. Im Falle eines Sachmangels kann der K\u00e4ufer Anspr\u00fcche geltend machen: <\/p><ul><li>um den Fehler zu korrigieren,<\/li><li>das Produkt zu ersetzen,<\/li><li>eine R\u00fcckerstattung des Kaufpreises, oder<\/li><li>eine proportionale Preissenkung.<\/li><\/ul><p>Reklamationen werden per E-Mail entgegengenommen: <a style=\"color: #ed1c24;\" href=\"mailto:info@mausser.net\"><strong>info@mausser.net<\/strong><\/a>.<\/p><h4>9. der Schutz personenbezogener Daten<\/h4><p>Der Anbieter verpflichtet sich, alle personenbezogenen Daten des Nutzers gem\u00e4\u00df der geltenden Gesetzgebung (ZVOP-2, GDPR) dauerhaft zu sch\u00fctzen. Weitere Informationen finden Sie in dem folgenden Dokument <a style=\"color: #ed1c24;\" href=\"https:\/\/obor-tires.si\/de\/schutz-personenbezogener-daten-gdpr\/\"><strong>Schutz von personenbezogenen Daten (GDPR)<\/strong><\/a>. <\/p><h4>10. reklamationen und streitbeilegung<\/h4><p>Alle Streitigkeiten werden g\u00fctlich zwischen dem K\u00e4ufer und dem Lieferanten beigelegt. Wenn dies nicht m\u00f6glich ist, ist das zust\u00e4ndige Gericht in <strong>Hrastnik<\/strong> zust\u00e4ndig. <\/p><p>Der Provider erkennt keinen Anbieter f\u00fcr au\u00dfergerichtliche Verbraucherstreitbeilegung an.<\/p><p>In \u00dcbereinstimmung mit Artikel 32 des RIPA ver\u00f6ffentlichen wir einen Link zur Online-Streitbeilegungsplattform (OS): <br><a style=\"color: #ed1c24;\" href=\"https:\/\/ec.europa.eu\/consumers\/odr\/\" target=\"_blank\" rel=\"noopener\">https:\/\/ec.europa.eu\/consumers\/odr\/<\/a><\/p><h4>11. abschlie\u00dfende Bestimmungen<\/h4><p>Die Allgemeinen Gesch\u00e4ftsbedingungen treten mit dem Datum ihrer Ver\u00f6ffentlichung auf der Website in Kraft. Der Anbieter beh\u00e4lt sich das Recht vor, \u00c4nderungen ohne vorherige Ank\u00fcndigung vorzunehmen. Jede \u00c4nderung tritt mit der Ver\u00f6ffentlichung auf der Website in Kraft.  <\/p><p><strong>Datum der letzten Aktualisierung:<\/strong> 27.06.2025<\/p>\t\t\t\t\t\t\t\t<\/div>\n\t\t\t\t<\/div>\n\t\t\t\t\t<\/div>\n\t\t\t\t<\/div>\n\t\t\t\t<\/div>\n\t\t","protected":false},"excerpt":{"rendered":"<p>Allgemeine Bedingungen und Konditionen Diese Richtlinie enth\u00e4lt die allgemeinen Gesch\u00e4ftsbedingungen des Online-Shops obor-tires.si 1. allgemeine Bestimmungen Die Allgemeinen Gesch\u00e4ftsbedingungen gelten f\u00fcr alle Nutzer der Website und Kunden, die im Online-Shop des Unternehmens einkaufen: DANIJEL MAUSSER s.p.Adresse Ale\u0161a Kaple 3a,1430 Hrastnik, SlowenienRegistrierungsnummer: 3983447000Steuernummer: SI25207687E-Mail: info@mausser-netTelefon: +386 (0)51 628 845 Durch die Nutzung des Online-Shops best\u00e4tigt der [&hellip;]<\/p>\n","protected":false},"author":1,"featured_media":0,"parent":0,"menu_order":0,"comment_status":"closed","ping_status":"closed","template":"","meta":{"footnotes":""},"class_list":["post-745","page","type-page","status-publish","hentry"],"_links":{"self":[{"href":"https:\/\/obor-tires.si\/de\/wp-json\/wp\/v2\/pages\/745","targetHints":{"allow":["GET"]}}],"collection":[{"href":"https:\/\/obor-tires.si\/de\/wp-json\/wp\/v2\/pages"}],"about":[{"href":"https:\/\/obor-tires.si\/de\/wp-json\/wp\/v2\/types\/page"}],"author":[{"embeddable":true,"href":"https:\/\/obor-tires.si\/de\/wp-json\/wp\/v2\/users\/1"}],"replies":[{"embeddable":true,"href":"https:\/\/obor-tires.si\/de\/wp-json\/wp\/v2\/comments?post=745"}],"version-history":[{"count":1,"href":"https:\/\/obor-tires.si\/de\/wp-json\/wp\/v2\/pages\/745\/revisions"}],"predecessor-version":[{"id":746,"href":"https:\/\/obor-tires.si\/de\/wp-json\/wp\/v2\/pages\/745\/revisions\/746"}],"wp:attachment":[{"href":"https:\/\/obor-tires.si\/de\/wp-json\/wp\/v2\/media?parent=745"}],"curies":[{"name":"wp","href":"https:\/\/api.w.org\/{rel}","templated":true}]}}