{"id":724,"date":"2025-06-18T11:07:10","date_gmt":"2025-06-18T11:07:10","guid":{"rendered":"https:\/\/obor-tires.si\/rueckgabe-von-waren\/"},"modified":"2025-07-03T08:43:37","modified_gmt":"2025-07-03T08:43:37","slug":"rueckgabe-von-waren","status":"publish","type":"page","link":"https:\/\/obor-tires.si\/de\/rueckgabe-von-waren\/","title":{"rendered":"R\u00fcckgabe von Waren"},"content":{"rendered":"\t\t<div data-elementor-type=\"wp-page\" data-elementor-id=\"724\" class=\"elementor elementor-724 elementor-18\" data-elementor-post-type=\"page\">\n\t\t\t\t<div class=\"elementor-element elementor-element-9b78bad e-flex e-con-boxed e-con e-parent\" data-id=\"9b78bad\" data-element_type=\"container\">\n\t\t\t\t\t<div class=\"e-con-inner\">\n\t\t\t\t<div class=\"elementor-element elementor-element-5d2bb62 elementor-widget elementor-widget-heading\" data-id=\"5d2bb62\" data-element_type=\"widget\" data-widget_type=\"heading.default\">\n\t\t\t\t<div class=\"elementor-widget-container\">\n\t\t\t\t\t<h1 class=\"elementor-heading-title elementor-size-default\">R\u00fcckgabe von Waren<\/h1>\t\t\t\t<\/div>\n\t\t\t\t<\/div>\n\t\t\t\t<div class=\"elementor-element elementor-element-a9ba30d elementor-widget-divider--view-line elementor-widget elementor-widget-divider\" data-id=\"a9ba30d\" data-element_type=\"widget\" data-widget_type=\"divider.default\">\n\t\t\t\t<div class=\"elementor-widget-container\">\n\t\t\t\t\t\t\t<div class=\"elementor-divider\">\n\t\t\t<span class=\"elementor-divider-separator\">\n\t\t\t\t\t\t<\/span>\n\t\t<\/div>\n\t\t\t\t\t\t<\/div>\n\t\t\t\t<\/div>\n\t\t\t\t\t\t\t\t<p class=\"e-9fd3cc1-792caab e-paragraph-base\" data-interaction-id=\"9fd3cc1\" data-interactions=\"&#x5B;&#x5D;\"  >\n\t\t\t\t\t\t\t\t\t\tDiese Richtlinie legt die Bedingungen und das Verfahren f\u00fcr die R\u00fcckgabe von Reifen fest, die in unserem Online-Shop gekauft wurden.\n\t\t\t\t\t\t<\/p>\n\t\t\t\t\t<\/div>\n\t\t\t\t<\/div>\n\t\t<div class=\"elementor-element elementor-element-c016dab e-flex e-con-boxed e-con e-parent\" data-id=\"c016dab\" data-element_type=\"container\">\n\t\t\t\t\t<div class=\"e-con-inner\">\n\t\t\t\t<div class=\"elementor-element elementor-element-284a982 elementor-widget elementor-widget-text-editor\" data-id=\"284a982\" data-element_type=\"widget\" data-widget_type=\"text-editor.default\">\n\t\t\t\t<div class=\"elementor-widget-container\">\n\t\t\t\t\t\t\t\t\t<h4>1. das Widerrufsrecht<\/h4>\n<p>Der K\u00e4ufer, der ein Verbraucher ist (eine nat\u00fcrliche Person, die die Ware zu einem Zweck erwirbt, der nicht ihrer beruflichen oder gewerblichen T\u00e4tigkeit zugerechnet werden kann), hat das Recht, innerhalb von 14 Tagen nach Erhalt der Ware schriftlich und ohne Angabe von Gr\u00fcnden vom Vertrag zur\u00fcckzutreten.<\/p>\n<p>Die Frist beginnt am Tag nach dem Tag, an dem der K\u00e4ufer das Produkt erh\u00e4lt.<\/p>\n<h4>2. das Erstattungsverfahren<\/h4>\n<p>Um von Ihrem Widerrufsrecht Gebrauch zu machen, senden Sie uns bitte eine eindeutige Erkl\u00e4rung an unsere E-Mail-Adresse: <strong><a style=\"color: #ed1c24;\" href=\"mailto:info@mausser.net\">info@mausser.net<\/a><\/strong><\/p>\n<p>Bitte geben Sie in Ihrer Nachricht an:<\/p>\n<ul>\n<li>die Bestellnummer,<\/li>\n<li>Name und Nachname,<\/li>\n<li>Kontaktangaben<\/li>\n<li>Details zu dem Produkt, das Sie zur\u00fcckgeben.<\/li>\n<\/ul>\n<p><br>Sie m\u00fcssen die Waren innerhalb von 14 Tagen ab dem Datum der Mitteilung \u00fcber den Widerruf zur\u00fccksenden. Sie haben das Paket rechtzeitig zur\u00fcckgeschickt, wenn Sie es vor Ablauf der 14-t\u00e4gigen Frist zur\u00fcckschicken.<\/p>\n<h4>3. die Bedingungen f\u00fcr die R\u00fcckgabe von Reifen<\/h4>\n<p>Die Reifen m\u00fcssen sein:<\/p>\n<ul>\n<li>unbenutzt,<\/li>\n<li>unbesch\u00e4digt,<\/li>\n<li>in seinem urspr\u00fcnglichen Zustand,<\/li>\n<li>mit allen beigef\u00fcgten Dokumenten (falls vorhanden).<\/li>\n<\/ul>\n<p><br>Wenn die Reifen bereits montiert wurden oder Gebrauchsspuren aufweisen, ist keine R\u00fcckerstattung m\u00f6glich, es sei denn, es handelt sich um einen Garantiefall oder einen Materialfehler.<\/p>\n<h4>4. die Erstattungskosten<\/h4>\n<p>Der K\u00e4ufer tr\u00e4gt die Kosten f\u00fcr die R\u00fccksendung der Waren, es sei denn, es wurde etwas anderes vereinbart oder das Produkt ist besch\u00e4digt oder. die ohne unser Verschulden falsch zugestellt wurden.<\/p>\n<h4>5. die R\u00fcckerstattung des Kaufpreises<\/h4>\n<p>Wir erstatten Ihnen den Kaufpreis innerhalb von 14 Tagen nach Erhalt der Widerrufserkl\u00e4rung. Wir behalten uns jedoch das Recht vor, die Erstattung zur\u00fcckzuhalten, bis wir die zur\u00fcckgesendeten Waren erhalten haben oder bis wir den Nachweis erhalten haben, dass Sie die Waren zur\u00fcckgesendet haben.<\/p>\n<p>Der Kaufpreis wird auf demselben Weg zur\u00fcckerstattet, auf dem die Zahlung erfolgt ist, es sei denn, der K\u00e4ufer w\u00fcnscht ausdr\u00fccklich etwas anderes.<\/p>\n<h4>6. materieller Mangel oder Reklamation<\/h4>\n<p>Wenn der Kunde bei Erhalt feststellt, dass die Reifen besch\u00e4digt, fehlerhaft oder defekt sind, muss er uns sofort informieren und Fotos des Mangels beif\u00fcgen.<\/p>\n<p>Im Falle eines faktischen Fehlers werden wir:<\/p>\n<ul>\n<li>das Produkt zu ersetzen,<\/li>\n<li>die Behebung des Fehlers, oder<\/li>\n<li>R\u00fcckerstattung des Kaufpreises.<\/li>\n<\/ul>\n<h4>7 Ausnahmen von der Erstattungsm\u00f6glichkeit<\/h4>\n<p>Keine R\u00fcckerstattung f\u00fcr Reifen, die bereits benutzt wurden:<\/p>\n<ul>\n<li>kundenspezifische Bestellungen (Sonderbestellungen),<\/li>\n<li>verwendet oder installiert,<\/li>\n<li>nach der Annahme mechanisch besch\u00e4digt werden.<\/li>\n<\/ul>\n<p><br>F\u00fcr weitere Fragen, kontaktieren Sie uns bitte per E-Mail <strong><a style=\"color: #ed1c24;\" href=\"mailto:info@mausser.net\">info@mausser.net<\/a><\/strong> oder unter der Telefonnummer <strong><a style=\"color: #ed1c24;\" href=\"Tel:+386%2051%20628%20845\">+386 (0)51 628 845<\/a><\/strong>.<\/p>\t\t\t\t\t\t\t\t<\/div>\n\t\t\t\t<\/div>\n\t\t\t\t\t<\/div>\n\t\t\t\t<\/div>\n\t\t\t\t<\/div>\n\t\t","protected":false},"excerpt":{"rendered":"<p>R\u00fcckgabe von Waren Diese Richtlinie legt die Bedingungen und das Verfahren f\u00fcr die R\u00fcckgabe von Reifen fest, die in unserem Online-Shop gekauft wurden. 1. das Widerrufsrecht Der K\u00e4ufer, der ein Verbraucher ist (eine nat\u00fcrliche Person, die die Ware zu einem Zweck erwirbt, der nicht ihrer beruflichen oder gewerblichen T\u00e4tigkeit zugerechnet werden kann), hat das Recht, [&hellip;]<\/p>\n","protected":false},"author":1,"featured_media":0,"parent":0,"menu_order":0,"comment_status":"closed","ping_status":"closed","template":"","meta":{"footnotes":""},"class_list":["post-724","page","type-page","status-publish","hentry"],"_links":{"self":[{"href":"https:\/\/obor-tires.si\/de\/wp-json\/wp\/v2\/pages\/724","targetHints":{"allow":["GET"]}}],"collection":[{"href":"https:\/\/obor-tires.si\/de\/wp-json\/wp\/v2\/pages"}],"about":[{"href":"https:\/\/obor-tires.si\/de\/wp-json\/wp\/v2\/types\/page"}],"author":[{"embeddable":true,"href":"https:\/\/obor-tires.si\/de\/wp-json\/wp\/v2\/users\/1"}],"replies":[{"embeddable":true,"href":"https:\/\/obor-tires.si\/de\/wp-json\/wp\/v2\/comments?post=724"}],"version-history":[{"count":1,"href":"https:\/\/obor-tires.si\/de\/wp-json\/wp\/v2\/pages\/724\/revisions"}],"predecessor-version":[{"id":729,"href":"https:\/\/obor-tires.si\/de\/wp-json\/wp\/v2\/pages\/724\/revisions\/729"}],"wp:attachment":[{"href":"https:\/\/obor-tires.si\/de\/wp-json\/wp\/v2\/media?parent=724"}],"curies":[{"name":"wp","href":"https:\/\/api.w.org\/{rel}","templated":true}]}}