{"id":707,"date":"2025-06-27T10:04:50","date_gmt":"2025-06-27T10:04:50","guid":{"rendered":"https:\/\/obor-tires.si\/schutz-personenbezogener-daten-gdpr\/"},"modified":"2025-07-03T08:42:28","modified_gmt":"2025-07-03T08:42:28","slug":"schutz-personenbezogener-daten-gdpr","status":"publish","type":"page","link":"https:\/\/obor-tires.si\/de\/schutz-personenbezogener-daten-gdpr\/","title":{"rendered":"Schutz personenbezogener Daten (GDPR)"},"content":{"rendered":"\t\t<div data-elementor-type=\"wp-page\" data-elementor-id=\"707\" class=\"elementor elementor-707 elementor-478\" data-elementor-post-type=\"page\">\n\t\t\t\t<div class=\"elementor-element elementor-element-59ed964 e-flex e-con-boxed e-con e-parent\" data-id=\"59ed964\" data-element_type=\"container\">\n\t\t\t\t\t<div class=\"e-con-inner\">\n\t\t\t\t<div class=\"elementor-element elementor-element-1b3ee5e elementor-widget elementor-widget-heading\" data-id=\"1b3ee5e\" data-element_type=\"widget\" data-widget_type=\"heading.default\">\n\t\t\t\t<div class=\"elementor-widget-container\">\n\t\t\t\t\t<h1 class=\"elementor-heading-title elementor-size-default\">Schutz personenbezogener Daten (GDPR)<\/h1>\t\t\t\t<\/div>\n\t\t\t\t<\/div>\n\t\t\t\t<div class=\"elementor-element elementor-element-a4963bc elementor-widget-divider--view-line elementor-widget elementor-widget-divider\" data-id=\"a4963bc\" data-element_type=\"widget\" data-widget_type=\"divider.default\">\n\t\t\t\t<div class=\"elementor-widget-container\">\n\t\t\t\t\t\t\t<div class=\"elementor-divider\">\n\t\t\t<span class=\"elementor-divider-separator\">\n\t\t\t\t\t\t<\/span>\n\t\t<\/div>\n\t\t\t\t\t\t<\/div>\n\t\t\t\t<\/div>\n\t\t\t\t\t<\/div>\n\t\t\t\t<\/div>\n\t\t<div class=\"elementor-element elementor-element-c118806 e-flex e-con-boxed e-con e-parent\" data-id=\"c118806\" data-element_type=\"container\">\n\t\t\t\t\t<div class=\"e-con-inner\">\n\t\t\t\t<div class=\"elementor-element elementor-element-5ce7ea5 elementor-widget elementor-widget-text-editor\" data-id=\"5ce7ea5\" data-element_type=\"widget\" data-widget_type=\"text-editor.default\">\n\t\t\t\t<div class=\"elementor-widget-container\">\n\t\t\t\t\t\t\t\t\t<h4>1. f\u00fcr die Verarbeitung personenbezogener Daten<\/h4><p>Der f\u00fcr die Datenverarbeitung Verantwortliche ist:<\/p><p><strong>DANIJEL MAUSSER s.p.<\/strong><br>Naselje Ale\u0161a Kaple 3a<br>1430 Hrastnik, Slowenien<br>E-Mail: info@mausser-net<br>Telefon: +386 (0)51 628 845<\/p><h4>2. welche Daten gesammelt werden<\/h4><p>Wenn Sie unseren Online-Shop besuchen oder eine Bestellung aufgeben, k\u00f6nnen wir die folgenden pers\u00f6nlichen Daten erfassen:<\/p><ul><li>Name und Nachname,<\/li><li>Lieferadresse und Rechnung<\/li><li>E-Mail Adresse,<\/li><li>Rufnummer,<\/li><li>IP-Adresse,<\/li><li>Zahlungsmodalit\u00e4ten,<\/li><li>andere Informationen, die Sie freiwillig zur Verf\u00fcgung stellen (z.B. Kommentare, Anfragen).<\/li><\/ul><h4>3. der Zweck der Verarbeitung personenbezogener Daten<\/h4><p>Wir verarbeiten Ihre personenbezogenen Daten f\u00fcr die folgenden Zwecke:<\/p><ul><li>f\u00fcr die Bearbeitung und Auslieferung von Bestellungen,<\/li><li>f\u00fcr die Rechnungsstellung und Buchf\u00fchrung,<\/li><li>um mit dem Kunden \u00fcber die Bestellung oder Anfrage zu kommunizieren,<\/li><li>um Ihnen Newsletter zu senden (wenn Sie Ihre Zustimmung gegeben haben),<\/li><li>um die Leistung der Website zu verbessern (analytische und technische Verbesserungen).<\/li><\/ul><h4>4. die Rechtsgrundlage f\u00fcr die Verarbeitung<\/h4><p>Wir verarbeiten Ihre Daten aus den folgenden rechtlichen Gr\u00fcnden:<\/p><ul><li>Vertrag (Kauf von Produkten)<\/li><li>das Gesetz (z.B. die Steuergesetzgebung)<\/li><li>berechtigtes Interesse (Sicherheit, Verbesserungen),<\/li><li>Ihre Zustimmung (f\u00fcr den Versand von Newslettern usw.).<\/li><\/ul><h4>5. die Aufbewahrung von personenbezogenen Daten<\/h4><p>Wir bewahren personenbezogene Daten so lange auf, wie es f\u00fcr die Erf\u00fcllung des Zwecks, f\u00fcr den sie erhoben wurden, erforderlich ist oder wie es die gesetzlichen Fristen vorsehen (z.B. 10 Jahre f\u00fcr Rechnungen). Danach l\u00f6schen oder anonymisieren wir sie endg\u00fcltig. <\/p><h4>6. die \u00dcbermittlung von personenbezogenen Daten<\/h4><p>Wir geben Ihre pers\u00f6nlichen Daten nicht an Dritte weiter, au\u00dfer:<\/p><ul><li>an Auftragsverarbeiter (z.B. Lieferdienste, Hosting-Anbieter),<\/li><li>an \u00f6ffentliche Beh\u00f6rden, wenn dies gesetzlich vorgeschrieben ist.<\/li><\/ul><p>Alle Auftragsverarbeiter sind zur Einhaltung der Datenschutzgesetze verpflichtet.<\/p><h4>7. Ihre Rechte<\/h4><p>Gem\u00e4\u00df der DSGVO haben Sie die folgenden Rechte:<\/p><ul><li>das Recht auf Zugang zu Ihren Daten,<\/li><li>das Recht auf Berichtigung,<\/li><li>das Recht auf L\u00f6schung (&#8222;Recht auf Vergessenwerden&#8220;),<\/li><li>das Recht, die Verarbeitung einzuschr\u00e4nken,<\/li><li>das Recht auf Daten\u00fcbertragbarkeit,<\/li><li>das Recht, Einspruch zu erheben,<\/li><li>das Recht, eine Beschwerde beim Information Commissioner einzureichen.<\/li><\/ul><p>Um Ihre Rechte auszu\u00fcben, kontaktieren Sie uns bitte unter: <a style=\"color: #ed1c24;\" href=\"mailto:info@mausser.net\"><strong>info@mausser.net<\/strong><\/a>.<\/p><h4>8. kekse<\/h4><p>Diese Website verwendet Cookies f\u00fcr das ordnungsgem\u00e4\u00dfe Funktionieren, die Analyse und zur Verbesserung der Benutzerfreundlichkeit. F\u00fcr weitere Informationen lesen Sie bitte unsere <strong>Cookie-Richtlinie<\/strong>. <\/p><h4>9. die Sicherheit<\/h4><p>Wir sch\u00fctzen die Daten, indem wir geeignete technische und organisatorische Ma\u00dfnahmen ergreifen, um unbefugten Zugriff, Offenlegung oder Verlust von Daten zu verhindern.<\/p><h4>10. \u00e4nderungen der Datenschutzbestimmungen<\/h4><p>Wir behalten uns das Recht vor, diese Richtlinie zu \u00e4ndern. Die neueste Version ist immer auf dieser Seite verf\u00fcgbar. <\/p><p><strong>Datum der letzten Aktualisierung:<\/strong> 27.06.2025<\/p>\t\t\t\t\t\t\t\t<\/div>\n\t\t\t\t<\/div>\n\t\t\t\t\t<\/div>\n\t\t\t\t<\/div>\n\t\t\t\t<\/div>\n\t\t","protected":false},"excerpt":{"rendered":"<p>Schutz personenbezogener Daten (GDPR) 1. f\u00fcr die Verarbeitung personenbezogener Daten Der f\u00fcr die Datenverarbeitung Verantwortliche ist: DANIJEL MAUSSER s.p.Naselje Ale\u0161a Kaple 3a1430 Hrastnik, SlowenienE-Mail: info@mausser-netTelefon: +386 (0)51 628 845 2. welche Daten gesammelt werden Wenn Sie unseren Online-Shop besuchen oder eine Bestellung aufgeben, k\u00f6nnen wir die folgenden pers\u00f6nlichen Daten erfassen: Name und Nachname, Lieferadresse und [&hellip;]<\/p>\n","protected":false},"author":1,"featured_media":0,"parent":0,"menu_order":0,"comment_status":"closed","ping_status":"closed","template":"","meta":{"footnotes":""},"class_list":["post-707","page","type-page","status-publish","hentry"],"_links":{"self":[{"href":"https:\/\/obor-tires.si\/de\/wp-json\/wp\/v2\/pages\/707","targetHints":{"allow":["GET"]}}],"collection":[{"href":"https:\/\/obor-tires.si\/de\/wp-json\/wp\/v2\/pages"}],"about":[{"href":"https:\/\/obor-tires.si\/de\/wp-json\/wp\/v2\/types\/page"}],"author":[{"embeddable":true,"href":"https:\/\/obor-tires.si\/de\/wp-json\/wp\/v2\/users\/1"}],"replies":[{"embeddable":true,"href":"https:\/\/obor-tires.si\/de\/wp-json\/wp\/v2\/comments?post=707"}],"version-history":[{"count":1,"href":"https:\/\/obor-tires.si\/de\/wp-json\/wp\/v2\/pages\/707\/revisions"}],"predecessor-version":[{"id":710,"href":"https:\/\/obor-tires.si\/de\/wp-json\/wp\/v2\/pages\/707\/revisions\/710"}],"wp:attachment":[{"href":"https:\/\/obor-tires.si\/de\/wp-json\/wp\/v2\/media?parent=707"}],"curies":[{"name":"wp","href":"https:\/\/api.w.org\/{rel}","templated":true}]}}