{"id":699,"date":"2025-06-23T12:22:54","date_gmt":"2025-06-23T12:22:54","guid":{"rendered":"https:\/\/obor-tires.si\/ueber-obor-reifen\/"},"modified":"2025-07-03T08:42:22","modified_gmt":"2025-07-03T08:42:22","slug":"ueber-obor-reifen","status":"publish","type":"page","link":"https:\/\/obor-tires.si\/de\/ueber-obor-reifen\/","title":{"rendered":"\u00dcber OBOR-Reifen"},"content":{"rendered":"\t\t<div data-elementor-type=\"wp-page\" data-elementor-id=\"699\" class=\"elementor elementor-699 elementor-266\" data-elementor-post-type=\"page\">\n\t\t\t\t<div class=\"elementor-element elementor-element-b131f38 e-flex e-con-boxed e-con e-parent\" data-id=\"b131f38\" data-element_type=\"container\">\n\t\t\t\t\t<div class=\"e-con-inner\">\n\t\t\t\t<div class=\"elementor-element elementor-element-5f65df0 elementor-widget elementor-widget-heading\" data-id=\"5f65df0\" data-element_type=\"widget\" data-widget_type=\"heading.default\">\n\t\t\t\t<div class=\"elementor-widget-container\">\n\t\t\t\t\t<h2 class=\"elementor-heading-title elementor-size-default\">\u00dcber OBOR-Reifen<\/h2>\t\t\t\t<\/div>\n\t\t\t\t<\/div>\n\t\t\t\t<div class=\"elementor-element elementor-element-73b53ab elementor-widget-divider--view-line elementor-widget elementor-widget-divider\" data-id=\"73b53ab\" data-element_type=\"widget\" data-widget_type=\"divider.default\">\n\t\t\t\t<div class=\"elementor-widget-container\">\n\t\t\t\t\t\t\t<div class=\"elementor-divider\">\n\t\t\t<span class=\"elementor-divider-separator\">\n\t\t\t\t\t\t<\/span>\n\t\t<\/div>\n\t\t\t\t\t\t<\/div>\n\t\t\t\t<\/div>\n\t\t\t\t\t\t\t\t<p class=\"e-25deae4-aee439d e-paragraph-base\" data-interaction-id=\"25deae4\" data-interactions=\"&#x5B;&#x5D;\"  >\n\t\t\t\t\t\t\t\t\t\tOBOR-Reifen sind die erste Wahl f\u00fcr ATV-Enthusiasten, die nach Leistung unter h\u00e4rtesten Bedingungen suchen. Sie wurden unter extremen Bedingungen getestet und bieten zuverl\u00e4ssigen Halt und Haltbarkeit - \u00fcberall und jederzeit. Sie helfen Ihnen dabei, die Wildnis oder die Rennstrecke mit Leichtigkeit zu meistern und Ihr Reiten auf die n\u00e4chste Stufe zu bringen.\n\t\t\t\t\t\t<\/p>\n\t\t\t\t\t<\/div>\n\t\t\t\t<\/div>\n\t\t<div class=\"elementor-element elementor-element-ef6e146 e-flex e-con-boxed e-con e-parent\" data-id=\"ef6e146\" data-element_type=\"container\">\n\t\t\t\t\t<div class=\"e-con-inner\">\n\t\t\t\t<div class=\"elementor-element elementor-element-19b986a elementor-widget elementor-widget-image\" data-id=\"19b986a\" data-element_type=\"widget\" data-widget_type=\"image.default\">\n\t\t\t\t<div class=\"elementor-widget-container\">\n\t\t\t\t\t\t\t\t\t\t\t\t\t\t\t<img fetchpriority=\"high\" decoding=\"async\" width=\"2560\" height=\"1440\" src=\"https:\/\/obor-tires.si\/wp-content\/uploads\/2025\/06\/obor-tyres-heroBG.webp\" class=\"attachment-full size-full wp-image-704\" alt=\"\" srcset=\"https:\/\/obor-tires.si\/wp-content\/uploads\/2025\/06\/obor-tyres-heroBG.webp 2560w, https:\/\/obor-tires.si\/wp-content\/uploads\/2025\/06\/obor-tyres-heroBG-600x338.webp 600w, https:\/\/obor-tires.si\/wp-content\/uploads\/2025\/06\/obor-tyres-heroBG-300x169.webp 300w, https:\/\/obor-tires.si\/wp-content\/uploads\/2025\/06\/obor-tyres-heroBG-1024x576.webp 1024w, https:\/\/obor-tires.si\/wp-content\/uploads\/2025\/06\/obor-tyres-heroBG-768x432.webp 768w, https:\/\/obor-tires.si\/wp-content\/uploads\/2025\/06\/obor-tyres-heroBG-1536x864.webp 1536w, https:\/\/obor-tires.si\/wp-content\/uploads\/2025\/06\/obor-tyres-heroBG-2048x1152.webp 2048w\" sizes=\"(max-width: 2560px) 100vw, 2560px\" \/>\t\t\t\t\t\t\t\t\t\t\t\t\t\t\t<\/div>\n\t\t\t\t<\/div>\n\t\t\t\t\t<\/div>\n\t\t\t\t<\/div>\n\t\t<div class=\"elementor-element elementor-element-5ccd843 e-flex e-con-boxed e-con e-parent\" data-id=\"5ccd843\" data-element_type=\"container\">\n\t\t\t\t\t<div class=\"e-con-inner\">\n\t\t\t\t<div class=\"elementor-element elementor-element-86a1bb5 elementor-widget elementor-widget-text-editor\" data-id=\"86a1bb5\" data-element_type=\"widget\" data-widget_type=\"text-editor.default\">\n\t\t\t\t<div class=\"elementor-widget-container\">\n\t\t\t\t\t\t\t\t\t<p data-start=\"0\" data-end=\"304\">OBOR Tires ist eine Hochleistungsreifenmarke, die von der Leidenschaft f\u00fcr Innovation und Abenteuer angetrieben wird. Mit Sitz in den Vereinigten Staaten haben wir uns verpflichtet, die Grenzen der Reifentechnologie zu erweitern und \u00fcberlegene Leistung f\u00fcr ATVs\/UTVs, Motocross-Motorr\u00e4der, Mountainbikes und Stra\u00dfenr\u00e4der zu liefern.<\/p><p data-start=\"306\" data-end=\"517\">Unsere Geschichte begann mit dem festen Willen, die Welt der Spezialreifen zu ver\u00e4ndern und sowohl Erstausr\u00fcster als auch Aufr\u00fcstungs- und Zubeh\u00f6rliebhaber zu bedienen.<\/p><p data-start=\"519\" data-end=\"816\">Das Herzst\u00fcck der Marke OBOR Tires ist eine fest verwurzelte Mission - Abenteurer und Naturliebhaber zu bef\u00e4higen, ihre Grenzen zu erweitern und die Welt ungehindert zu erkunden. Wir wissen, dass Ihre Erfahrungen mit ATVs\/UTVs, Motocross-Motorr\u00e4dern oder Fahrr\u00e4dern auch von der Qualit\u00e4t der Reifen abh\u00e4ngen, die Sie verwenden.<\/p><p data-start=\"818\" data-end=\"1226\" data-is-last-node=\"\" data-is-only-node=\"\">Unsere Erfahrung mit den unterschiedlichen Terrains und Bedingungen, mit denen Sie t\u00e4glich konfrontiert sind, erm\u00f6glicht es uns, Reifen zu entwickeln, die Ihre Leistung und Sicherheit auf ein ganz neues Niveau heben. Obwohl wir weltweit vertreten sind, bleiben wir unserer Verpflichtung zur lokalen Unterst\u00fctzung treu. Ob Sie ein langj\u00e4hriger OEM-Partner oder ein H\u00e4ndler mit einem nationalen Netzwerk sind, OBOR Tires bietet Ihnen den pers\u00f6nlichen Service und die Unterst\u00fctzung, die Sie verdienen.<\/p>\t\t\t\t\t\t\t\t<\/div>\n\t\t\t\t<\/div>\n\t\t\t\t\t<\/div>\n\t\t\t\t<\/div>\n\t\t<div class=\"elementor-element elementor-element-16ee4de e-flex e-con-boxed e-con e-parent\" data-id=\"16ee4de\" data-element_type=\"container\">\n\t\t\t\t\t<div class=\"e-con-inner\">\n\t\t\t\t<div class=\"elementor-element elementor-element-129c35d elementor-widget elementor-widget-heading\" data-id=\"129c35d\" data-element_type=\"widget\" data-widget_type=\"heading.default\">\n\t\t\t\t<div class=\"elementor-widget-container\">\n\t\t\t\t\t<h2 class=\"elementor-heading-title elementor-size-default\">Repr\u00e4sentation und Verkauf<\/h2>\t\t\t\t<\/div>\n\t\t\t\t<\/div>\n\t\t\t\t<div class=\"elementor-element elementor-element-b613bb6 elementor-widget-divider--view-line elementor-widget elementor-widget-divider\" data-id=\"b613bb6\" data-element_type=\"widget\" data-widget_type=\"divider.default\">\n\t\t\t\t<div class=\"elementor-widget-container\">\n\t\t\t\t\t\t\t<div class=\"elementor-divider\">\n\t\t\t<span class=\"elementor-divider-separator\">\n\t\t\t\t\t\t<\/span>\n\t\t<\/div>\n\t\t\t\t\t\t<\/div>\n\t\t\t\t<\/div>\n\t\t\t\t<div class=\"elementor-element elementor-element-8cc522c elementor-icon-list--layout-traditional elementor-list-item-link-full_width elementor-widget elementor-widget-icon-list\" data-id=\"8cc522c\" data-element_type=\"widget\" data-widget_type=\"icon-list.default\">\n\t\t\t\t<div class=\"elementor-widget-container\">\n\t\t\t\t\t\t\t<ul class=\"elementor-icon-list-items\">\n\t\t\t\t\t\t\t<li class=\"elementor-icon-list-item\">\n\t\t\t\t\t\t\t\t\t\t\t<span class=\"elementor-icon-list-icon\">\n\t\t\t\t\t\t\t<svg aria-hidden=\"true\" class=\"e-font-icon-svg e-fas-map-marker-alt\" viewBox=\"0 0 384 512\" xmlns=\"http:\/\/www.w3.org\/2000\/svg\"><path d=\"M172.268 501.67C26.97 291.031 0 269.413 0 192 0 85.961 85.961 0 192 0s192 85.961 192 192c0 77.413-26.97 99.031-172.268 309.67-9.535 13.774-29.93 13.773-39.464 0zM192 272c44.183 0 80-35.817 80-80s-35.817-80-80-80-80 35.817-80 80 35.817 80 80 80z\"><\/path><\/svg>\t\t\t\t\t\t<\/span>\n\t\t\t\t\t\t\t\t\t\t<span class=\"elementor-icon-list-text\">ATV MOTO MAUSSER<br> Ale\u0161a Kaple 3a, 1430 Hrastnik<\/span>\n\t\t\t\t\t\t\t\t\t<\/li>\n\t\t\t\t\t\t\t\t<li class=\"elementor-icon-list-item\">\n\t\t\t\t\t\t\t\t\t\t\t<a href=\"mailto:info@mausser.net\">\n\n\t\t\t\t\t\t\t\t\t\t\t\t<span class=\"elementor-icon-list-icon\">\n\t\t\t\t\t\t\t<svg aria-hidden=\"true\" class=\"e-font-icon-svg e-fas-envelope\" viewBox=\"0 0 512 512\" xmlns=\"http:\/\/www.w3.org\/2000\/svg\"><path d=\"M502.3 190.8c3.9-3.1 9.7-.2 9.7 4.7V400c0 26.5-21.5 48-48 48H48c-26.5 0-48-21.5-48-48V195.6c0-5 5.7-7.8 9.7-4.7 22.4 17.4 52.1 39.5 154.1 113.6 21.1 15.4 56.7 47.8 92.2 47.6 35.7.3 72-32.8 92.3-47.6 102-74.1 131.6-96.3 154-113.7zM256 320c23.2.4 56.6-29.2 73.4-41.4 132.7-96.3 142.8-104.7 173.4-128.7 5.8-4.5 9.2-11.5 9.2-18.9v-19c0-26.5-21.5-48-48-48H48C21.5 64 0 85.5 0 112v19c0 7.4 3.4 14.3 9.2 18.9 30.6 23.9 40.7 32.4 173.4 128.7 16.8 12.2 50.2 41.8 73.4 41.4z\"><\/path><\/svg>\t\t\t\t\t\t<\/span>\n\t\t\t\t\t\t\t\t\t\t<span class=\"elementor-icon-list-text\">info@mausser.net<\/span>\n\t\t\t\t\t\t\t\t\t\t\t<\/a>\n\t\t\t\t\t\t\t\t\t<\/li>\n\t\t\t\t\t\t\t\t<li class=\"elementor-icon-list-item\">\n\t\t\t\t\t\t\t\t\t\t\t<a href=\"tel:+386%2051%20628%20845\">\n\n\t\t\t\t\t\t\t\t\t\t\t\t<span class=\"elementor-icon-list-icon\">\n\t\t\t\t\t\t\t<svg aria-hidden=\"true\" class=\"e-font-icon-svg e-fas-mobile\" viewBox=\"0 0 320 512\" xmlns=\"http:\/\/www.w3.org\/2000\/svg\"><path d=\"M272 0H48C21.5 0 0 21.5 0 48v416c0 26.5 21.5 48 48 48h224c26.5 0 48-21.5 48-48V48c0-26.5-21.5-48-48-48zM160 480c-17.7 0-32-14.3-32-32s14.3-32 32-32 32 14.3 32 32-14.3 32-32 32z\"><\/path><\/svg>\t\t\t\t\t\t<\/span>\n\t\t\t\t\t\t\t\t\t\t<span class=\"elementor-icon-list-text\">+386 (0)51 628 845<\/span>\n\t\t\t\t\t\t\t\t\t\t\t<\/a>\n\t\t\t\t\t\t\t\t\t<\/li>\n\t\t\t\t\t\t<\/ul>\n\t\t\t\t\t\t<\/div>\n\t\t\t\t<\/div>\n\t\t\t\t\t<\/div>\n\t\t\t\t<\/div>\n\t\t\t\t<\/div>\n\t\t","protected":false},"excerpt":{"rendered":"<p>\u00dcber OBOR-Reifen OBOR-Reifen sind die erste Wahl f\u00fcr ATV-Enthusiasten, die nach Leistung unter h\u00e4rtesten Bedingungen suchen. Sie wurden unter extremen Bedingungen getestet und bieten zuverl\u00e4ssigen Halt und Haltbarkeit - \u00fcberall und jederzeit. Sie helfen Ihnen dabei, die Wildnis oder die Rennstrecke mit Leichtigkeit zu meistern und Ihr Reiten auf die n\u00e4chste Stufe zu bringen. OBOR [&hellip;]<\/p>\n","protected":false},"author":1,"featured_media":0,"parent":0,"menu_order":0,"comment_status":"closed","ping_status":"closed","template":"","meta":{"footnotes":""},"class_list":["post-699","page","type-page","status-publish","hentry"],"_links":{"self":[{"href":"https:\/\/obor-tires.si\/de\/wp-json\/wp\/v2\/pages\/699","targetHints":{"allow":["GET"]}}],"collection":[{"href":"https:\/\/obor-tires.si\/de\/wp-json\/wp\/v2\/pages"}],"about":[{"href":"https:\/\/obor-tires.si\/de\/wp-json\/wp\/v2\/types\/page"}],"author":[{"embeddable":true,"href":"https:\/\/obor-tires.si\/de\/wp-json\/wp\/v2\/users\/1"}],"replies":[{"embeddable":true,"href":"https:\/\/obor-tires.si\/de\/wp-json\/wp\/v2\/comments?post=699"}],"version-history":[{"count":1,"href":"https:\/\/obor-tires.si\/de\/wp-json\/wp\/v2\/pages\/699\/revisions"}],"predecessor-version":[{"id":701,"href":"https:\/\/obor-tires.si\/de\/wp-json\/wp\/v2\/pages\/699\/revisions\/701"}],"wp:attachment":[{"href":"https:\/\/obor-tires.si\/de\/wp-json\/wp\/v2\/media?parent=699"}],"curies":[{"name":"wp","href":"https:\/\/api.w.org\/{rel}","templated":true}]}}