{"id":891,"date":"2025-06-20T08:50:53","date_gmt":"2025-06-20T08:50:53","guid":{"rendered":"https:\/\/obor-tires.si\/trgovina\/kornelije\/"},"modified":"2025-09-17T09:19:13","modified_gmt":"2025-09-17T09:19:13","slug":"kornelije","status":"publish","type":"product","link":"https:\/\/obor-tires.si\/bs\/trgovina\/kornelije\/","title":{"rendered":"Cornelius"},"content":{"rendered":"<p>Savr\u0161ena terenska guma za va\u0161 ATV ili SxS; Cornelius ima jedinstveni agresivni uzorak gaze\u0107eg sloja koji pru\u017ea dobro prianjanje na prljav\u0161tini, blatu i kamenitom terenu.<br \/>\nPrianjanje gume pru\u017ea voza\u010du samopouzdanje na svim terenima.<br \/>\nDostupne su gume sa 6 ili 8 slojeva kako bi se zadovoljile razli\u010dite potrebe voza\u010da\/voza\u010da i vozila u pogledu performansi.<\/p>\n","protected":false},"excerpt":{"rendered":"<p>Savr\u0161ena terenska guma za va\u0161 ATV ili SxS; Cornelius ima jedinstveni agresivni uzorak gaze\u0107eg sloja koji prianja uz prljav\u0161tinu, blato i korijenje.<\/p>\n","protected":false},"featured_media":892,"comment_status":"open","ping_status":"closed","template":"","meta":[],"product_brand":[33],"product_cat":[116,115],"product_tag":[],"class_list":{"0":"post-891","1":"product","2":"type-product","3":"status-publish","4":"has-post-thumbnail","6":"product_brand-obor","7":"product_cat-atv-utv-sxs-bs","8":"product_cat-gume-bs","9":"pa_velikost-pnevmatike-25x10-12-bs","10":"pa_velikost-pnevmatike-25x8-12-bs","11":"pa_velikost-pnevmatike-26x10-14-bs","12":"pa_velikost-pnevmatike-26x11-14-bs","13":"pa_velikost-pnevmatike-26x12-12-bs","14":"pa_velikost-pnevmatike-26x8-14-bs","15":"pa_velikost-pnevmatike-26x9-12-bs","16":"pa_velikost-pnevmatike-26x9-14-bs","17":"pa_velikost-pnevmatike-27x11-14-bs","18":"pa_velikost-pnevmatike-27x9-14-bs","20":"first","21":"instock","22":"sale","23":"taxable","24":"shipping-taxable","25":"purchasable","26":"product-type-variable"},"_links":{"self":[{"href":"https:\/\/obor-tires.si\/bs\/wp-json\/wp\/v2\/product\/891","targetHints":{"allow":["GET"]}}],"collection":[{"href":"https:\/\/obor-tires.si\/bs\/wp-json\/wp\/v2\/product"}],"about":[{"href":"https:\/\/obor-tires.si\/bs\/wp-json\/wp\/v2\/types\/product"}],"replies":[{"embeddable":true,"href":"https:\/\/obor-tires.si\/bs\/wp-json\/wp\/v2\/comments?post=891"}],"wp:featuredmedia":[{"embeddable":true,"href":"https:\/\/obor-tires.si\/bs\/wp-json\/wp\/v2\/media\/892"}],"wp:attachment":[{"href":"https:\/\/obor-tires.si\/bs\/wp-json\/wp\/v2\/media?parent=891"}],"wp:term":[{"taxonomy":"product_brand","embeddable":true,"href":"https:\/\/obor-tires.si\/bs\/wp-json\/wp\/v2\/product_brand?post=891"},{"taxonomy":"product_cat","embeddable":true,"href":"https:\/\/obor-tires.si\/bs\/wp-json\/wp\/v2\/product_cat?post=891"},{"taxonomy":"product_tag","embeddable":true,"href":"https:\/\/obor-tires.si\/bs\/wp-json\/wp\/v2\/product_tag?post=891"}],"curies":[{"name":"wp","href":"https:\/\/api.w.org\/{rel}","templated":true}]}}