{"id":880,"date":"2025-06-24T07:38:14","date_gmt":"2025-06-24T07:38:14","guid":{"rendered":"https:\/\/obor-tires.si\/trgovina\/predator\/"},"modified":"2025-06-24T07:38:14","modified_gmt":"2025-06-24T07:38:14","slug":"predator","status":"publish","type":"product","link":"https:\/\/obor-tires.si\/bs\/trgovina\/predator\/","title":{"rendered":"Predator"},"content":{"rendered":"<p>Prava UTV guma LT stila. Prevazilazi DOT standarde testiranja. Dvostruki bo\u010dni zid: Uzorak i na lijevom i na desnom bo\u010dnom zidu \u0161tite bo\u010dni zid i pobolj\u0161avaju otpornost na probijanje. <\/p>\n<ul>\n<li>Radijalna konstrukcija sa 8 slojeva.<\/li>\n<li>Stepenasti dizajn gaznog sloja za pobolj\u0161anje krutosti gaznog sloja i sprje\u010davanje slijeganja.<\/li>\n<li>Lamele na gaze\u0107em sloju pobolj\u0161avaju udobnost vo\u017enje.<\/li>\n<li>Vi\u0161estepeni dizajn efikasno smanjuje buku guma.<\/li>\n<\/ul>\n","protected":false},"excerpt":{"rendered":"<p>Predator guma sa svojim vi\u0161estepenim dizajnom gaze\u0107eg sloja dizajnirana je za performanse i izdr\u017eljivost.<\/p>\n","protected":false},"featured_media":881,"comment_status":"open","ping_status":"closed","template":"","meta":[],"product_brand":[33],"product_cat":[116,115],"product_tag":[],"class_list":{"0":"post-880","1":"product","2":"type-product","3":"status-publish","4":"has-post-thumbnail","6":"product_brand-obor","7":"product_cat-atv-utv-sxs-bs","8":"product_cat-gume-bs","9":"pa_velikost-pnevmatike-27x11-14-bs","10":"pa_velikost-pnevmatike-27x9-14-bs","11":"pa_velikost-pnevmatike-30x10-14-bs","12":"pa_velikost-pnevmatike-32x10-14-bs","13":"pa_velikost-pnevmatike-32x10-15-bs","14":"pa_velikost-pnevmatike-32x10-16-bs","16":"first","17":"instock","18":"featured","19":"taxable","20":"shipping-taxable","21":"purchasable","22":"product-type-variable"},"_links":{"self":[{"href":"https:\/\/obor-tires.si\/bs\/wp-json\/wp\/v2\/product\/880","targetHints":{"allow":["GET"]}}],"collection":[{"href":"https:\/\/obor-tires.si\/bs\/wp-json\/wp\/v2\/product"}],"about":[{"href":"https:\/\/obor-tires.si\/bs\/wp-json\/wp\/v2\/types\/product"}],"replies":[{"embeddable":true,"href":"https:\/\/obor-tires.si\/bs\/wp-json\/wp\/v2\/comments?post=880"}],"wp:featuredmedia":[{"embeddable":true,"href":"https:\/\/obor-tires.si\/bs\/wp-json\/wp\/v2\/media\/881"}],"wp:attachment":[{"href":"https:\/\/obor-tires.si\/bs\/wp-json\/wp\/v2\/media?parent=880"}],"wp:term":[{"taxonomy":"product_brand","embeddable":true,"href":"https:\/\/obor-tires.si\/bs\/wp-json\/wp\/v2\/product_brand?post=880"},{"taxonomy":"product_cat","embeddable":true,"href":"https:\/\/obor-tires.si\/bs\/wp-json\/wp\/v2\/product_cat?post=880"},{"taxonomy":"product_tag","embeddable":true,"href":"https:\/\/obor-tires.si\/bs\/wp-json\/wp\/v2\/product_tag?post=880"}],"curies":[{"name":"wp","href":"https:\/\/api.w.org\/{rel}","templated":true}]}}