{"id":872,"date":"2025-06-24T07:59:19","date_gmt":"2025-06-24T07:59:19","guid":{"rendered":"https:\/\/obor-tires.si\/trgovina\/strugac-kamenja\/"},"modified":"2025-09-17T17:40:21","modified_gmt":"2025-09-17T17:40:21","slug":"strugac-kamenja","status":"publish","type":"product","link":"https:\/\/obor-tires.si\/bs\/trgovina\/strugac-kamenja\/","title":{"rendered":"RocScraper"},"content":{"rendered":"<h3 data-start=\"421\" data-end=\"445\">\ud83d\udd27 Glavne karakteristike:<\/h3>\n<ul data-start=\"446\" data-end=\"951\">\n<li data-start=\"446\" data-end=\"549\">\n<p data-start=\"448\" data-end=\"549\"><strong data-start=\"448\" data-end=\"482\">8-slojna radijalna konstrukcija<\/strong> \u2013 izuzetna otpornost na probijanje, habanje i mehani\u010dka o\u0161te\u0107enja.<\/p>\n<\/li>\n<li data-start=\"550\" data-end=\"667\">\n<p data-start=\"552\" data-end=\"667\"><strong data-start=\"552\" data-end=\"587\">Agresivni uzorak gaze\u0107eg sloja<\/strong> \u2013 s oja\u010danim ramenim blokovima za odli\u010dno prianjanje na kamenju i tvrdim povr\u0161inama.<\/p>\n<\/li>\n<li data-start=\"668\" data-end=\"745\">\n<p data-start=\"670\" data-end=\"745\"><strong data-start=\"670\" data-end=\"692\">Vi\u0161eslojne bo\u010dne stijenke<\/strong> \u2013 dodatna za\u0161tita i bolja stabilnost pri penjanju.<\/p>\n<\/li>\n<li data-start=\"746\" data-end=\"867\">\n<p data-start=\"748\" data-end=\"867\">Tako\u0111er dostupno u <strong data-start=\"764\" data-end=\"787\">&#8220;ljepljivoj&#8221;<\/strong> verziji za takmi\u010darsku upotrebu \u2013 maksimalno prianjanje u najzahtjevnijim uvjetima.<\/p>\n<\/li>\n<li data-start=\"868\" data-end=\"951\">\n<p data-start=\"870\" data-end=\"951\">Idealno za <strong data-start=\"881\" data-end=\"950\">kamenite staze, suhi pustinjski teren i ekstremnu vo\u017enju van puta<\/strong> .<\/p>\n<\/li>\n<\/ul>\n","protected":false},"excerpt":{"rendered":"<p>OBOR RocScraper je visokoperformansna guma za terenska UTV vozila koju je razvio OBOR Tires. Dizajnirana je za ozbiljne voza\u010de terenske vo\u017enje koji voze po kamenitim stazama, pustinjskom terenu i sli\u010dnim ekstremnim okru\u017eenjima. <\/p>\n","protected":false},"featured_media":875,"comment_status":"open","ping_status":"closed","template":"","meta":[],"product_brand":[33],"product_cat":[116,115],"product_tag":[],"class_list":{"0":"post-872","1":"product","2":"type-product","3":"status-publish","4":"has-post-thumbnail","6":"product_brand-obor","7":"product_cat-atv-utv-sxs-bs","8":"product_cat-gume-bs","9":"pa_velikost-pnevmatike-32x10-15-bs","11":"first","12":"instock","13":"featured","14":"taxable","15":"shipping-taxable","16":"purchasable","17":"product-type-variable"},"_links":{"self":[{"href":"https:\/\/obor-tires.si\/bs\/wp-json\/wp\/v2\/product\/872","targetHints":{"allow":["GET"]}}],"collection":[{"href":"https:\/\/obor-tires.si\/bs\/wp-json\/wp\/v2\/product"}],"about":[{"href":"https:\/\/obor-tires.si\/bs\/wp-json\/wp\/v2\/types\/product"}],"replies":[{"embeddable":true,"href":"https:\/\/obor-tires.si\/bs\/wp-json\/wp\/v2\/comments?post=872"}],"wp:featuredmedia":[{"embeddable":true,"href":"https:\/\/obor-tires.si\/bs\/wp-json\/wp\/v2\/media\/875"}],"wp:attachment":[{"href":"https:\/\/obor-tires.si\/bs\/wp-json\/wp\/v2\/media?parent=872"}],"wp:term":[{"taxonomy":"product_brand","embeddable":true,"href":"https:\/\/obor-tires.si\/bs\/wp-json\/wp\/v2\/product_brand?post=872"},{"taxonomy":"product_cat","embeddable":true,"href":"https:\/\/obor-tires.si\/bs\/wp-json\/wp\/v2\/product_cat?post=872"},{"taxonomy":"product_tag","embeddable":true,"href":"https:\/\/obor-tires.si\/bs\/wp-json\/wp\/v2\/product_tag?post=872"}],"curies":[{"name":"wp","href":"https:\/\/api.w.org\/{rel}","templated":true}]}}