{"id":871,"date":"2025-06-24T07:45:25","date_gmt":"2025-06-24T07:45:25","guid":{"rendered":"https:\/\/obor-tires.si\/trgovina\/ris\/"},"modified":"2025-09-17T09:20:59","modified_gmt":"2025-09-17T09:20:59","slug":"ris","status":"publish","type":"product","link":"https:\/\/obor-tires.si\/bs\/trgovina\/ris\/","title":{"rendered":"Lynx"},"content":{"rendered":"<p>\u2022 8-slojna radijalna konstrukcija.<br \/>\n\u2022 Usmjereni uzorak gaze\u0107eg sloja pobolj\u0161ava stabilnost i upravljanje na pravoj liniji.<br \/>\n\u2022 Lamele na blokovima gaze\u0107eg sloja smanjuju buku i pobolj\u0161avaju udobnost vo\u017enje.<br \/>\n\u2022 Blokovi gaze\u0107eg sloja produ\u017eeni do ramena pobolj\u0161avaju otpornost na probijanje i olak\u0161avaju izlazak iz kolotraga.<\/p>\n","protected":false},"excerpt":{"rendered":"<p>U kombinaciji s udobno\u0161\u0107u, upravljivo\u0161\u0107u, tihim radom i otporno\u0161\u0107u na probijanje, ova guma je zaslu\u017eeno najbolji izbor!<\/p>\n","protected":false},"featured_media":873,"comment_status":"open","ping_status":"closed","template":"","meta":[],"product_brand":[33],"product_cat":[116,115],"product_tag":[],"class_list":{"0":"post-871","1":"product","2":"type-product","3":"status-publish","4":"has-post-thumbnail","6":"product_brand-obor","7":"product_cat-atv-utv-sxs-bs","8":"product_cat-gume-bs","9":"pa_velikost-pnevmatike-32x10-14-bs","10":"pa_velikost-pnevmatike-32x10-15-bs","12":"first","13":"instock","14":"featured","15":"taxable","16":"shipping-taxable","17":"purchasable","18":"product-type-variable"},"_links":{"self":[{"href":"https:\/\/obor-tires.si\/bs\/wp-json\/wp\/v2\/product\/871","targetHints":{"allow":["GET"]}}],"collection":[{"href":"https:\/\/obor-tires.si\/bs\/wp-json\/wp\/v2\/product"}],"about":[{"href":"https:\/\/obor-tires.si\/bs\/wp-json\/wp\/v2\/types\/product"}],"replies":[{"embeddable":true,"href":"https:\/\/obor-tires.si\/bs\/wp-json\/wp\/v2\/comments?post=871"}],"wp:featuredmedia":[{"embeddable":true,"href":"https:\/\/obor-tires.si\/bs\/wp-json\/wp\/v2\/media\/873"}],"wp:attachment":[{"href":"https:\/\/obor-tires.si\/bs\/wp-json\/wp\/v2\/media?parent=871"}],"wp:term":[{"taxonomy":"product_brand","embeddable":true,"href":"https:\/\/obor-tires.si\/bs\/wp-json\/wp\/v2\/product_brand?post=871"},{"taxonomy":"product_cat","embeddable":true,"href":"https:\/\/obor-tires.si\/bs\/wp-json\/wp\/v2\/product_cat?post=871"},{"taxonomy":"product_tag","embeddable":true,"href":"https:\/\/obor-tires.si\/bs\/wp-json\/wp\/v2\/product_tag?post=871"}],"curies":[{"name":"wp","href":"https:\/\/api.w.org\/{rel}","templated":true}]}}