{"id":864,"date":"2025-06-24T07:52:31","date_gmt":"2025-06-24T07:52:31","guid":{"rendered":"https:\/\/obor-tires.si\/trgovina\/valovi\/"},"modified":"2025-09-17T09:22:23","modified_gmt":"2025-09-17T09:22:23","slug":"valovi","status":"publish","type":"product","link":"https:\/\/obor-tires.si\/bs\/trgovina\/valovi\/","title":{"rendered":"Riple"},"content":{"rendered":"<h3>Vrhunsko prianjanje u laganoj prljav\u0161tini i blatu<\/h3>\n<p>Dizajnirane za performanse u razli\u010ditim uslovima, gume Riple imaju dezen gaze\u0107eg sloja posebno dizajniran za uklanjanje prljav\u0161tine i odr\u017eavanje prianjanja u laganim uslovima prljav\u0161tine ili blata. To ih \u010dini idealnim izborom za \u0161ume, staze i uslove sa laganim blatom, osiguravaju\u0107i pouzdane performanse gdje god vas va\u0161e avanture odvedu. <\/p>\n","protected":false},"excerpt":{"rendered":"<p>OBOR Riple gume za UTV i ATV vozila dizajnirane su za neuporedivo iskustvo vo\u017enje van puta.<\/p>\n","protected":false},"featured_media":865,"comment_status":"open","ping_status":"closed","template":"","meta":[],"product_brand":[33],"product_cat":[116,115],"product_tag":[],"class_list":{"0":"post-864","1":"product","2":"type-product","3":"status-publish","4":"has-post-thumbnail","6":"product_brand-obor","7":"product_cat-atv-utv-sxs-bs","8":"product_cat-gume-bs","9":"pa_velikost-pnevmatike-25x10-12-bs","10":"pa_velikost-pnevmatike-25x8-12-bs","12":"first","13":"instock","14":"sale","15":"featured","16":"taxable","17":"shipping-taxable","18":"purchasable","19":"product-type-variable"},"_links":{"self":[{"href":"https:\/\/obor-tires.si\/bs\/wp-json\/wp\/v2\/product\/864","targetHints":{"allow":["GET"]}}],"collection":[{"href":"https:\/\/obor-tires.si\/bs\/wp-json\/wp\/v2\/product"}],"about":[{"href":"https:\/\/obor-tires.si\/bs\/wp-json\/wp\/v2\/types\/product"}],"replies":[{"embeddable":true,"href":"https:\/\/obor-tires.si\/bs\/wp-json\/wp\/v2\/comments?post=864"}],"wp:featuredmedia":[{"embeddable":true,"href":"https:\/\/obor-tires.si\/bs\/wp-json\/wp\/v2\/media\/865"}],"wp:attachment":[{"href":"https:\/\/obor-tires.si\/bs\/wp-json\/wp\/v2\/media?parent=864"}],"wp:term":[{"taxonomy":"product_brand","embeddable":true,"href":"https:\/\/obor-tires.si\/bs\/wp-json\/wp\/v2\/product_brand?post=864"},{"taxonomy":"product_cat","embeddable":true,"href":"https:\/\/obor-tires.si\/bs\/wp-json\/wp\/v2\/product_cat?post=864"},{"taxonomy":"product_tag","embeddable":true,"href":"https:\/\/obor-tires.si\/bs\/wp-json\/wp\/v2\/product_tag?post=864"}],"curies":[{"name":"wp","href":"https:\/\/api.w.org\/{rel}","templated":true}]}}