{"id":910,"date":"2025-06-27T09:55:55","date_gmt":"2025-06-27T09:55:55","guid":{"rendered":"https:\/\/obor-tires.si\/opci-uslovi-i-odredbe\/"},"modified":"2025-07-18T10:50:18","modified_gmt":"2025-07-18T10:50:18","slug":"opci-uslovi-i-odredbe","status":"publish","type":"page","link":"https:\/\/obor-tires.si\/bs\/opci-uslovi-i-odredbe\/","title":{"rendered":"Op\u0107i uslovi i odredbe"},"content":{"rendered":"\t\t<div data-elementor-type=\"wp-page\" data-elementor-id=\"910\" class=\"elementor elementor-910 elementor-468\" data-elementor-post-type=\"page\">\n\t\t\t\t<div class=\"elementor-element elementor-element-351952f e-flex e-con-boxed e-con e-parent\" data-id=\"351952f\" data-element_type=\"container\">\n\t\t\t\t\t<div class=\"e-con-inner\">\n\t\t\t\t<div class=\"elementor-element elementor-element-0573de0 elementor-widget elementor-widget-heading\" data-id=\"0573de0\" data-element_type=\"widget\" data-widget_type=\"heading.default\">\n\t\t\t\t<div class=\"elementor-widget-container\">\n\t\t\t\t\t<h1 class=\"elementor-heading-title elementor-size-default\">Op\u0107i uslovi i odredbe<\/h1>\t\t\t\t<\/div>\n\t\t\t\t<\/div>\n\t\t\t\t<div class=\"elementor-element elementor-element-0727b86 elementor-widget-divider--view-line elementor-widget elementor-widget-divider\" data-id=\"0727b86\" data-element_type=\"widget\" data-widget_type=\"divider.default\">\n\t\t\t\t<div class=\"elementor-widget-container\">\n\t\t\t\t\t\t\t<div class=\"elementor-divider\">\n\t\t\t<span class=\"elementor-divider-separator\">\n\t\t\t\t\t\t<\/span>\n\t\t<\/div>\n\t\t\t\t\t\t<\/div>\n\t\t\t\t<\/div>\n\t\t\t\t\t\t\t\t<p class=\"e-d0a929a-77e2b34 e-paragraph-base\" data-interaction-id=\"d0a929a\" data-interactions=\"&#x5B;&#x5D;\"  >\n\t\t\t\t\t\t\t\t\t\tOva pravila utvr\u0111uju op\u0161te uslove poslovanja internet prodavnice obor-tires.si.\n\t\t\t\t\t\t<\/p>\n\t\t\t\t\t<\/div>\n\t\t\t\t<\/div>\n\t\t<div class=\"elementor-element elementor-element-7ba154b e-flex e-con-boxed e-con e-parent\" data-id=\"7ba154b\" data-element_type=\"container\">\n\t\t\t\t\t<div class=\"e-con-inner\">\n\t\t\t\t<div class=\"elementor-element elementor-element-33c2b03 elementor-widget elementor-widget-text-editor\" data-id=\"33c2b03\" data-element_type=\"widget\" data-widget_type=\"text-editor.default\">\n\t\t\t\t<div class=\"elementor-widget-container\">\n\t\t\t\t\t\t\t\t\t<h4>1. Op\u0161te odredbe<\/h4><p>Op\u0161ti uslovi i odredbe primjenjuju se na sve korisnike web stranice i kupce koji obavljaju kupovinu u online prodavnici kompanije:<\/p><p><strong>DANIEL MAUSSER sp<\/strong><br> Naselje Ale\u0161a Kaple 3a,<br> 1430 Hrastnik, Slovenija<br> Registarski broj: 3983447000<br> Porezni broj: SI25207687<br> E-po\u0161ta: info@mausser-net<br> Telefon: +386 (0)51 628 845<\/p><p>Kori\u0161tenjem internet trgovine kupac potvr\u0111uje da je upoznat s ovim op\u0107im uvjetima i odredbama te da se s njima u potpunosti sla\u017ee.<\/p><h4>2. Pristupa\u010dnost informacija<\/h4><p>Pru\u017eatelj usluga se obavezuje da \u0107e kupcu uvijek pru\u017eiti sljede\u0107e informacije:<\/p><ul><li>informacije o kompaniji,<\/li><li>kontaktni podaci za komunikaciju,<\/li><li>bitne karakteristike proizvoda,<\/li><li>cijena proizvoda, uklju\u010duju\u0107i poreze i tro\u0161kove dostave,<\/li><li>uslovi pla\u0107anja, isporuke i izvr\u0161enja usluge,<\/li><li>informacije o pravu na odustajanje od ugovora,<\/li><li>uslovi i rokovi za vra\u0107anje robe,<\/li><li>procedure za pritu\u017ebe korisnika.<\/li><\/ul><h4>3. Proces kupovine<\/h4><p>Kupovina u online trgovini odvija se u sljede\u0107im koracima:<\/p><ol><li>Odaberite proizvod i dodajte ga u korpu.<\/li><li>Pregledajte svoju korpu i nastavite s pla\u0107anjem.<\/li><li>Unesite podatke za dostavu i odaberite na\u010din pla\u0107anja.<\/li><li>Potvrda narud\u017ebe.<\/li><\/ol><p>Nakon \u0161to izvr\u0161i narud\u017ebu, kupac dobija email s potvrdom narud\u017ebe.<\/p><h4>4. Cijene i PDV<\/h4><p>Sve cijene su u eurima (\u20ac) i uklju\u010duju PDV. Cijene va\u017ee u trenutku narud\u017ebe i podlo\u017ene su promjenama bez prethodne najave. Tro\u0161kovi dostave nisu uklju\u010deni u cijenu proizvoda i prikazuju se zasebno prije nego \u0161to se narud\u017eba zavr\u0161i.  <\/p><h4>5. Na\u010dini pla\u0107anja<\/h4><p>Online prodavnica omogu\u0107ava sljede\u0107e na\u010dine pla\u0107anja:<\/p><ul><li>po prijemu (po isporuci),<\/li><li>putem profakture (bankovnog transfera),<\/li><li>sa platnim karticama (MasterCard, Visa,..),<\/li><li>putem online sistema pla\u0107anja (Google Pay, Apple Pay).<\/li><\/ul><h4>6. Dostava<\/h4><p>Pru\u017eatelj usluga \u0107e isporu\u010diti robu u dogovorenom roku, obi\u010dno u roku od 2-5 radnih dana od prijema uplate ili potvrde narud\u017ebe. Tro\u0161kovi dostave prikazuju se nakon zavr\u0161etka narud\u017ebe.  <\/p><p>Pru\u017eatelj usluga zadr\u017eava pravo odbiti narud\u017ebu ako roba nije na zalihi ili u slu\u010daju o\u010digledne gre\u0161ke.<\/p><h4>7. Pravo na odustajanje od ugovora<\/h4><p>Kupac (fizi\u010dko lice) ima pravo da odustane od ugovora u roku od <strong>14 dana od prijema robe<\/strong> , bez navo\u0111enja razloga.<\/p><p>Kupac mora vratiti robu neo\u0161te\u0107enu i u istoj koli\u010dini, po mogu\u0107nosti u originalnoj ambala\u017ei. Tro\u0161kove povrata snosi kupac, osim ako nije druga\u010dije dogovoreno. <\/p><p>Vi\u0161e o procesu povrata novca mo\u017eete pro\u010ditati u na\u0161oj <a style=\"color: #ed1c24;\" href=\"https:\/\/obor-tires.si\/pravilnik-o-vracilu-blaga\/\"><strong>Politici povrata novca<\/strong><\/a> .<\/p><h4>8. Reklamacije i materijalni nedostaci<\/h4><p>Ako proizvod prilikom prijema ne odgovara narud\u017ebi (npr. o\u0161te\u0107en je, neispravan ili ima materijalni nedostatak), kupac ima pravo podnijeti reklamaciju. U slu\u010daju materijalnog nedostatka, kupac mo\u017ee zahtijevati: <\/p><ul><li>ispravljanje gre\u0161aka,<\/li><li>zamjena proizvoda,<\/li><li>povrat novca ili<\/li><li>proporcionalno smanjenje cijene.<\/li><\/ul><p>Prijave primamo putem e-maila: <a style=\"color: #ed1c24;\" href=\"mailto:info@mausser.net\"><strong>info@mausser.net<\/strong><\/a> .<\/p><h4>9. Za\u0161tita li\u010dnih podataka<\/h4><p>Pru\u017eatelj usluga se obavezuje na trajnu za\u0161titu svih li\u010dnih podataka korisnika u skladu s va\u017ee\u0107im zakonodavstvom (ZVOP-2, GDPR). Vi\u0161e informacija mo\u017eete prona\u0107i u dokumentu <a style=\"color: #ed1c24;\" href=\"https:\/\/obor-tires.si\/bs\/zastita-licnih-podataka-gdpr\/\"><strong>Za\u0161tita li\u010dnih podataka (GDPR)<\/strong><\/a> . <\/p><h4>10. \u017dalbe i rje\u0161avanje sporova<\/h4><p>Sve eventualne sporove kupac i pru\u017eatelj usluga \u0107e rije\u0161iti sporazumno. Ukoliko to nije mogu\u0107e, za njihovo rje\u0161avanje bit \u0107e nadle\u017ean nadle\u017eni sud u <strong>Hrastniku<\/strong> . <\/p><p>Pru\u017eatelj usluga ne priznaje nijednog pru\u017eatelja usluga izvansudskog rje\u0161avanja potro\u0161a\u010dkih sporova.<\/p><p>U skladu sa \u010dlanom 32. ZIsRPS-a, objavljujemo link ka platformi za online rje\u0161avanje sporova (ODR): <br><a style=\"color: #ed1c24;\" href=\"https:\/\/ec.europa.eu\/consumers\/odr\/\" target=\"_blank\" rel=\"noopener\">https:\/\/ec.europa.eu\/consumers\/odr\/<\/a><\/p><h4>11. Zavr\u0161ne odredbe<\/h4><p>Op\u0161ti uslovi i odredbe stupaju na snagu danom objavljivanja na web stranici. Pru\u017ealac usluga zadr\u017eava pravo izmjene bez prethodne najave. Svaka promjena stupa na snagu objavljivanjem na web stranici.  <\/p><p><strong>Datum posljednjeg a\u017euriranja:<\/strong> 27.06.2025.<\/p>\t\t\t\t\t\t\t\t<\/div>\n\t\t\t\t<\/div>\n\t\t\t\t\t<\/div>\n\t\t\t\t<\/div>\n\t\t\t\t<\/div>\n\t\t","protected":false},"excerpt":{"rendered":"<p>Op\u0107i uslovi i odredbe Ova pravila utvr\u0111uju op\u0161te uslove poslovanja internet prodavnice obor-tires.si. 1. Op\u0161te odredbe Op\u0161ti uslovi i odredbe primjenjuju se na sve korisnike web stranice i kupce koji obavljaju kupovinu u online prodavnici kompanije: DANIEL MAUSSER sp Naselje Ale\u0161a Kaple 3a, 1430 Hrastnik, Slovenija Registarski broj: 3983447000 Porezni broj: SI25207687 E-po\u0161ta: info@mausser-net Telefon: [&hellip;]<\/p>\n","protected":false},"author":1,"featured_media":0,"parent":0,"menu_order":0,"comment_status":"closed","ping_status":"closed","template":"","meta":{"footnotes":""},"class_list":["post-910","page","type-page","status-publish","hentry"],"_links":{"self":[{"href":"https:\/\/obor-tires.si\/bs\/wp-json\/wp\/v2\/pages\/910","targetHints":{"allow":["GET"]}}],"collection":[{"href":"https:\/\/obor-tires.si\/bs\/wp-json\/wp\/v2\/pages"}],"about":[{"href":"https:\/\/obor-tires.si\/bs\/wp-json\/wp\/v2\/types\/page"}],"author":[{"embeddable":true,"href":"https:\/\/obor-tires.si\/bs\/wp-json\/wp\/v2\/users\/1"}],"replies":[{"embeddable":true,"href":"https:\/\/obor-tires.si\/bs\/wp-json\/wp\/v2\/comments?post=910"}],"version-history":[{"count":1,"href":"https:\/\/obor-tires.si\/bs\/wp-json\/wp\/v2\/pages\/910\/revisions"}],"predecessor-version":[{"id":911,"href":"https:\/\/obor-tires.si\/bs\/wp-json\/wp\/v2\/pages\/910\/revisions\/911"}],"wp:attachment":[{"href":"https:\/\/obor-tires.si\/bs\/wp-json\/wp\/v2\/media?parent=910"}],"curies":[{"name":"wp","href":"https:\/\/api.w.org\/{rel}","templated":true}]}}