{"id":908,"date":"2025-06-27T10:04:50","date_gmt":"2025-06-27T10:04:50","guid":{"rendered":"https:\/\/obor-tires.si\/zastita-licnih-podataka-gdpr\/"},"modified":"2025-07-18T10:50:18","modified_gmt":"2025-07-18T10:50:18","slug":"zastita-licnih-podataka-gdpr","status":"publish","type":"page","link":"https:\/\/obor-tires.si\/bs\/zastita-licnih-podataka-gdpr\/","title":{"rendered":"Za\u0161tita li\u010dnih podataka (GDPR)"},"content":{"rendered":"\t\t<div data-elementor-type=\"wp-page\" data-elementor-id=\"908\" class=\"elementor elementor-908 elementor-478\" data-elementor-post-type=\"page\">\n\t\t\t\t<div class=\"elementor-element elementor-element-59ed964 e-flex e-con-boxed e-con e-parent\" data-id=\"59ed964\" data-element_type=\"container\">\n\t\t\t\t\t<div class=\"e-con-inner\">\n\t\t\t\t<div class=\"elementor-element elementor-element-1b3ee5e elementor-widget elementor-widget-heading\" data-id=\"1b3ee5e\" data-element_type=\"widget\" data-widget_type=\"heading.default\">\n\t\t\t\t<div class=\"elementor-widget-container\">\n\t\t\t\t\t<h1 class=\"elementor-heading-title elementor-size-default\">Za\u0161tita li\u010dnih podataka (GDPR)<\/h1>\t\t\t\t<\/div>\n\t\t\t\t<\/div>\n\t\t\t\t<div class=\"elementor-element elementor-element-a4963bc elementor-widget-divider--view-line elementor-widget elementor-widget-divider\" data-id=\"a4963bc\" data-element_type=\"widget\" data-widget_type=\"divider.default\">\n\t\t\t\t<div class=\"elementor-widget-container\">\n\t\t\t\t\t\t\t<div class=\"elementor-divider\">\n\t\t\t<span class=\"elementor-divider-separator\">\n\t\t\t\t\t\t<\/span>\n\t\t<\/div>\n\t\t\t\t\t\t<\/div>\n\t\t\t\t<\/div>\n\t\t\t\t\t<\/div>\n\t\t\t\t<\/div>\n\t\t<div class=\"elementor-element elementor-element-c118806 e-flex e-con-boxed e-con e-parent\" data-id=\"c118806\" data-element_type=\"container\">\n\t\t\t\t\t<div class=\"e-con-inner\">\n\t\t\t\t<div class=\"elementor-element elementor-element-5ce7ea5 elementor-widget elementor-widget-text-editor\" data-id=\"5ce7ea5\" data-element_type=\"widget\" data-widget_type=\"text-editor.default\">\n\t\t\t\t<div class=\"elementor-widget-container\">\n\t\t\t\t\t\t\t\t\t<h4>1. Kontrolor li\u010dnih podataka<\/h4><p>Kontrolor li\u010dnih podataka je:<\/p><p><strong>DANIEL MAUSSER sp<\/strong><br> Naselje Ale\u0161a Kaple 3a<br> 1430 Hrastnik, Slovenija<br> E-po\u0161ta: info@mausser-net<br> Telefon: +386 (0)51 628 845<\/p><h4>2. Koje podatke prikupljamo?<\/h4><p>Kada posjetite online trgovinu ili izvr\u0161ite narud\u017ebu, mo\u017eemo prikupljati sljede\u0107e li\u010dne podatke:<\/p><ul><li>ime i prezime,<\/li><li>adresa za dostavu i fakturu,<\/li><li>adresa e-po\u0161te,<\/li><li>broj telefona,<\/li><li>IP adresa,<\/li><li>informacije o pla\u0107anju,<\/li><li>ostale informacije koje dobrovoljno dajete (npr. komentari, upiti).<\/li><\/ul><h4>3. Svrha obrade li\u010dnih podataka<\/h4><p>Va\u0161e li\u010dne podatke obra\u0111ujemo u sljede\u0107e svrhe:<\/p><ul><li>za obradu i isporuku narud\u017ebi,<\/li><li>za izdavanje faktura i vo\u0111enje poslovnih evidencija,<\/li><li>za komunikaciju s kupcem u vezi s narud\u017ebom ili upitom,<\/li><li>da vam \u0161aljemo biltene (ako ste dali svoju saglasnost),<\/li><li>radi pobolj\u0161anja funkcionisanja web stranice (analiti\u010dka i tehni\u010dka pobolj\u0161anja).<\/li><\/ul><h4>4. Pravni osnov za obradu<\/h4><p>Va\u0161e podatke obra\u0111ujemo na osnovu sljede\u0107ih pravnih osnova:<\/p><ul><li>ugovor (kupovina proizvoda),<\/li><li>pravo (npr. poresko zakonodavstvo),<\/li><li>legitimni interes (sigurnost, pobolj\u0161anja),<\/li><li>va\u0161a saglasnost (za slanje e-biltena itd.).<\/li><\/ul><h4>5. \u010cuvanje li\u010dnih podataka<\/h4><p>Li\u010dne podatke \u010duvamo onoliko dugo koliko je potrebno za postizanje svrhe za koju su prikupljeni ili u skladu sa zakonskim rokovima (npr. 10 godina za fakture). Nakon tog perioda, trajno ih bri\u0161emo ili anonimiziramo. <\/p><h4>6. Pru\u017eanje li\u010dnih podataka<\/h4><p>Ne dijelimo va\u0161e li\u010dne podatke s tre\u0107im stranama, osim:<\/p><ul><li>ugovorni obra\u0111iva\u010di (npr. dostavne slu\u017ebe, pru\u017eatelji usluga hostinga),<\/li><li>vladinim organima kada to zakon zahtijeva.<\/li><\/ul><p>Svi obra\u0111iva\u010di su obavezni da se pridr\u017eavaju zakona o za\u0161titi li\u010dnih podataka.<\/p><h4>7. Va\u0161a prava<\/h4><p>Prema GDPR-u, imate sljede\u0107a prava:<\/p><ul><li>pravo pristupa va\u0161im podacima,<\/li><li>pravo na ispravku,<\/li><li>pravo na brisanje (\u201epravo na zaborav\u201c),<\/li><li>pravo na ograni\u010denje obrade,<\/li><li>pravo na prenosivost podataka,<\/li><li>pravo na prigovor,<\/li><li>pravo na podno\u0161enje \u017ealbe Povjereniku za informacije.<\/li><\/ul><p>Da biste ostvarili svoja prava, molimo vas da nam pi\u0161ete na: <a style=\"color: #ed1c24;\" href=\"mailto:info@mausser.net\"><strong>info@mausser.net<\/strong><\/a> .<\/p><h4>8. Kola\u010di\u0107i<\/h4><p>Ova web stranica koristi kola\u010di\u0107e za pravilno funkcioniranje, za analitiku i pobolj\u0161anje korisni\u010dkog iskustva. Za vi\u0161e informacija, pogledajte <strong>na\u0161u Politiku kola\u010di\u0107a<\/strong> . <\/p><h4>9. Sigurnost<\/h4><p>Podatke \u0161titimo odgovaraju\u0107im tehni\u010dkim i organizacijskim mjerama kako bismo sprije\u010dili neovla\u0161teni pristup, otkrivanje ili gubitak podataka.<\/p><h4>10. Izmjene Politike privatnosti<\/h4><p>Zadr\u017eavamo pravo izmjene ove politike. Najnovija verzija je uvijek dostupna na ovoj stranici. <\/p><p><strong>Datum posljednjeg a\u017euriranja:<\/strong> 27.06.2025.<\/p>\t\t\t\t\t\t\t\t<\/div>\n\t\t\t\t<\/div>\n\t\t\t\t\t<\/div>\n\t\t\t\t<\/div>\n\t\t\t\t<\/div>\n\t\t","protected":false},"excerpt":{"rendered":"<p>Za\u0161tita li\u010dnih podataka (GDPR) 1. Kontrolor li\u010dnih podataka Kontrolor li\u010dnih podataka je: DANIEL MAUSSER sp Naselje Ale\u0161a Kaple 3a 1430 Hrastnik, Slovenija E-po\u0161ta: info@mausser-net Telefon: +386 (0)51 628 845 2. Koje podatke prikupljamo? Kada posjetite online trgovinu ili izvr\u0161ite narud\u017ebu, mo\u017eemo prikupljati sljede\u0107e li\u010dne podatke: ime i prezime, adresa za dostavu i fakturu, adresa e-po\u0161te, [&hellip;]<\/p>\n","protected":false},"author":1,"featured_media":0,"parent":0,"menu_order":0,"comment_status":"closed","ping_status":"closed","template":"","meta":{"footnotes":""},"class_list":["post-908","page","type-page","status-publish","hentry"],"_links":{"self":[{"href":"https:\/\/obor-tires.si\/bs\/wp-json\/wp\/v2\/pages\/908","targetHints":{"allow":["GET"]}}],"collection":[{"href":"https:\/\/obor-tires.si\/bs\/wp-json\/wp\/v2\/pages"}],"about":[{"href":"https:\/\/obor-tires.si\/bs\/wp-json\/wp\/v2\/types\/page"}],"author":[{"embeddable":true,"href":"https:\/\/obor-tires.si\/bs\/wp-json\/wp\/v2\/users\/1"}],"replies":[{"embeddable":true,"href":"https:\/\/obor-tires.si\/bs\/wp-json\/wp\/v2\/comments?post=908"}],"version-history":[{"count":1,"href":"https:\/\/obor-tires.si\/bs\/wp-json\/wp\/v2\/pages\/908\/revisions"}],"predecessor-version":[{"id":909,"href":"https:\/\/obor-tires.si\/bs\/wp-json\/wp\/v2\/pages\/908\/revisions\/909"}],"wp:attachment":[{"href":"https:\/\/obor-tires.si\/bs\/wp-json\/wp\/v2\/media?parent=908"}],"curies":[{"name":"wp","href":"https:\/\/api.w.org\/{rel}","templated":true}]}}